{"id":912,"date":"2024-05-30T13:02:30","date_gmt":"2024-05-30T13:02:30","guid":{"rendered":"https:\/\/skystar.paslaugosverslui.lt\/?page_id=912"},"modified":"2025-03-26T19:15:33","modified_gmt":"2025-03-26T19:15:33","slug":"vestuviu-filmavimas","status":"publish","type":"page","link":"https:\/\/skystar.lt\/en\/vestuviu-filmavimas\/","title":{"rendered":"Wedding filming"},"content":{"rendered":"<div data-elementor-type=\"wp-page\" data-elementor-id=\"912\" class=\"elementor elementor-912\">\n\t\t\t\t\t\t<section class=\"elementor-section elementor-top-section elementor-element elementor-element-58852138 elementor-section-boxed elementor-section-height-default elementor-section-height-default\" data-id=\"58852138\" data-element_type=\"section\" data-settings=\"{&quot;background_background&quot;:&quot;video&quot;,&quot;background_video_link&quot;:&quot;https:\\\/\\\/skystar.lt\\\/wp-content\\\/uploads\\\/2024\\\/05\\\/stars-1.mp4&quot;,&quot;background_play_on_mobile&quot;:&quot;yes&quot;}\">\n\t\t\t\t\t\t\t\t<div class=\"elementor-background-video-container\" aria-hidden=\"true\">\n\t\t\t\t\t\t\t\t\t\t\t\t\t<video class=\"elementor-background-video-hosted\" autoplay muted playsinline loop><\/video>\n\t\t\t\t\t\t\t\t\t\t\t<\/div>\n\t\t\t\t\t\t\t\t\t<div class=\"elementor-background-overlay\"><\/div>\n\t\t\t\t\t\t\t<div class=\"elementor-container elementor-column-gap-default\">\n\t\t\t\t\t<div class=\"elementor-column elementor-col-100 elementor-top-column elementor-element elementor-element-5cdbcd6\" data-id=\"5cdbcd6\" data-element_type=\"column\">\n\t\t\t<div class=\"elementor-widget-wrap\">\n\t\t\t\t\t\t\t<\/div>\n\t\t<\/div>\n\t\t\t\t\t<\/div>\n\t\t<\/section>\n\t\t\t\t<section class=\"elementor-section elementor-top-section elementor-element elementor-element-5415b379 elementor-section-boxed elementor-section-height-default elementor-section-height-default\" data-id=\"5415b379\" data-element_type=\"section\">\n\t\t\t\t\t\t<div class=\"elementor-container elementor-column-gap-default\">\n\t\t\t\t\t<div class=\"elementor-column elementor-col-100 elementor-top-column elementor-element elementor-element-2b4626ba\" data-id=\"2b4626ba\" data-element_type=\"column\">\n\t\t\t<div class=\"elementor-widget-wrap elementor-element-populated\">\n\t\t\t\t\t\t<div class=\"elementor-element elementor-element-6dabc68e elementor-widget elementor-widget-heading\" data-id=\"6dabc68e\" data-element_type=\"widget\" data-settings=\"{&quot;ekit_we_effect_on&quot;:&quot;none&quot;}\" data-widget_type=\"heading.default\">\n\t\t\t\t<div class=\"elementor-widget-container\">\n\t\t\t\t\t<h2 class=\"elementor-heading-title elementor-size-default\">Wedding filming<\/h2>\t\t\t\t<\/div>\n\t\t\t\t<\/div>\n\t\t\t\t<div class=\"elementor-element elementor-element-6eb3dce6 elementor-widget elementor-widget-text-editor\" data-id=\"6eb3dce6\" data-element_type=\"widget\" data-settings=\"{&quot;ekit_we_effect_on&quot;:&quot;none&quot;}\" data-widget_type=\"text-editor.default\">\n\t\t\t\t<div class=\"elementor-widget-container\">\n\t\t\t\t\t\t\t\t\t<h4>Looking for a way to capture your special day and create memories that will last a lifetime?<\/h4>\t\t\t\t\t\t\t\t<\/div>\n\t\t\t\t<\/div>\n\t\t\t\t<div class=\"elementor-element elementor-element-41c0f827 elementor-widget elementor-widget-text-editor\" data-id=\"41c0f827\" data-element_type=\"widget\" data-settings=\"{&quot;ekit_we_effect_on&quot;:&quot;none&quot;}\" data-widget_type=\"text-editor.default\">\n\t\t\t\t<div class=\"elementor-widget-container\">\n\t\t\t\t\t\t\t\t\t<div class=\"markdown markdown-main-panel\" dir=\"ltr\"><p data-sourcepos=\"5:1-5:75\">We offer high quality wedding photography services. With our team, we will create an exciting video film that captures spectacular moments of your wedding day.<\/p><p data-sourcepos=\"7:1-7:21\"><strong>Why you need to choose us?<\/strong><\/p><ul data-sourcepos=\"9:1-11:100\"><li data-sourcepos=\"9:1-9:125\"><strong>High quality:<\/strong> We use top-of-the-line cameras and audio to ensure flawless video and audio quality.<\/li><li data-sourcepos=\"10:1-10:110\"><strong>Creative approach:<\/strong> Our creative team will come up with unique and engaging ideas for your wedding film.<\/li><li data-sourcepos=\"11:1-11:100\"><strong>Experienced editors:<\/strong> Our experienced editors will create a film that is dynamic, exciting and tailored to your needs.<\/li><li data-sourcepos=\"12:1-12:124\"><strong>Aware of your needs:<\/strong> We will listen carefully to your needs and ideas to create a film that meets your vision.<\/li><li data-sourcepos=\"13:1-13:97\"><strong>Flexibility:<\/strong> We offer a variety of packages and services to suit your budget and needs.<\/li><li data-sourcepos=\"14:1-15:0\"><strong>Professional service:<\/strong> Our team will make sure your filming experience is smooth.<\/li><\/ul><p data-sourcepos=\"16:1-16:22\">\u00a0<\/p><p data-sourcepos=\"16:1-16:22\"><strong>What do we film?<\/strong><\/p><p data-sourcepos=\"18:1-18:64\">We can film every moment of your wedding day, including:<\/p><ul data-sourcepos=\"20:1-27:1\"><li data-sourcepos=\"20:1-20:13\">Preparation<\/li><li data-sourcepos=\"21:1-21:20\">The first meet<\/li><li data-sourcepos=\"22:1-22:12\">Ceremony<\/li><li data-sourcepos=\"23:1-23:8\">Evening party<\/li><li data-sourcepos=\"24:1-24:19\">First newlyweds dance<\/li><li data-sourcepos=\"25:1-25:15\">Quests speeches<\/li><li data-sourcepos=\"26:1-26:10\">Entertainments<\/li><li data-sourcepos=\"27:1-27:1\">Party culmination<\/li><\/ul><p data-sourcepos=\"29:1-29:21\">\u00a0<\/p><p data-sourcepos=\"29:1-29:21\"><strong>How do we work?<\/strong><\/p><p data-sourcepos=\"31:1-31:231\">We will work closely with you to understand your needs and vision for your celebration day. We will discuss the day, location, time and style of your wedding. Our team will take care of everything from filming to editing and final transfer of the film.<\/p><p data-sourcepos=\"35:1-35:99\">\u00a0<\/p><p data-sourcepos=\"37:1-37:54\"><strong>We can offer additional services:<\/strong><\/p><ul data-sourcepos=\"39:1-40:79\"><li data-sourcepos=\"39:1-39:136\"><strong>Photos:<\/strong> We can offer photography services to create a seamless set of memories of your wedding day.<\/li><li data-sourcepos=\"40:1-40:79\"><strong>Photos taking by drone:<\/strong> We can film your wedding from the air with a drone for unique bird's eye views.<\/li><li data-sourcepos=\"41:1-41:129\"><strong>Live editing:<\/strong> We can create a live video film during your wedding, so guests can see the videos immediately.<\/li><li data-sourcepos=\"42:1-43:0\"><strong>Video for quests:<\/strong> We can create short video films for your guests to share their memories.<\/li><\/ul><p data-sourcepos=\"44:1-44:67\">\u00a0<\/p><p data-sourcepos=\"44:1-44:67\"><strong>We are committed to providing the best possible experience. <\/strong><strong>Contact us to discuss your needs.<\/strong><\/p><\/div>\t\t\t\t\t\t\t\t<\/div>\n\t\t\t\t<\/div>\n\t\t\t\t<div class=\"elementor-element elementor-element-f43b1cf elementor-widget elementor-widget-elementskit-video-gallery\" data-id=\"f43b1cf\" data-element_type=\"widget\" data-settings=\"{&quot;ekit_column&quot;:&quot;3&quot;,&quot;ekit_column_tablet&quot;:&quot;2&quot;,&quot;ekit_column_mobile&quot;:&quot;1&quot;,&quot;ekit_we_effect_on&quot;:&quot;none&quot;}\" data-widget_type=\"elementskit-video-gallery.default\">\n\t\t\t\t<div class=\"elementor-widget-container\">\n\t\t\t\t\t<div class=\"ekit-wid-con\" >\t\t<div class=\"ekit-video-gallery-wrapper\">\n\n\t\t\t<!-- filter nav -->\n\t\t\t\t\t\t<!-- filter nav -->\n\n\n\t\t\t<div class=\"ekit-video-gallery ekit-grid ekit-column-3 ekit-column-tablet-2 ekit-column-mobile-1 ekit_play_on\" data-config=\"{&quot;rtl&quot;:false,&quot;arrows&quot;:false,&quot;dots&quot;:false,&quot;prevArrow&quot;:&quot;&quot;,&quot;nextArrow&quot;:&quot;&quot;,&quot;autoplay&quot;:false,&quot;speed&quot;:1000,&quot;infinite&quot;:false,&quot;slidesPerView&quot;:&quot;&quot;,&quot;slidesPerGroup&quot;:&quot;&quot;,&quot;pauseOnMouseEnter&quot;:false,&quot;loop&quot;:false,&quot;breakpointsInverse&quot;:true,&quot;breakpoints&quot;:{&quot;360&quot;:{&quot;slidesPerView&quot;:&quot;&quot;,&quot;slidesPerGroup&quot;:&quot;&quot;,&quot;spaceBetween&quot;:10},&quot;768&quot;:{&quot;slidesPerView&quot;:&quot;&quot;,&quot;slidesPerGroup&quot;:&quot;&quot;,&quot;spaceBetween&quot;:10},&quot;1024&quot;:{&quot;slidesPerView&quot;:&quot;&quot;,&quot;slidesPerGroup&quot;:&quot;&quot;,&quot;spaceBetween&quot;:15}}}\">\n\t\t\t\t\n\t\t\t\t\t\t\t\t\t<div class=\"ekit-video-item\">\n\n\t\t\t\t\t\t\n\t\t\t\t\t\t\t<a class=\"video-link popup\" href=\"https:\/\/www.youtube.com\/watch?v=76g-_t0lUQQ\" data-url=\"https:\/\/www.youtube.com\/embed\/76g-_t0lUQQ?autoplay=1&#038;rel=0\">\n\t\t\t\t\t\t\t\t<img decoding=\"async\" src=\"https:\/\/img.youtube.com\/vi\/76g-_t0lUQQ\/0.jpg\" alt=\"Video thumb\">\n\t\t\t\t\t\t\t\t<i aria-hidden=\"true\" class=\"video-icon icon icon-play\"><\/i>\t\t\t\t\t\t\t<\/a>\n\n\t\t\t\t\t\t\t\t\t\t\t<\/div>\n\t\t\t\t\t\t\t\t\t<div class=\"ekit-video-item\">\n\n\t\t\t\t\t\t\n\t\t\t\t\t\t\t<a class=\"video-link popup\" href=\"https:\/\/www.youtube.com\/watch?v=iyANu4hLASY\" data-url=\"https:\/\/www.youtube.com\/embed\/iyANu4hLASY?autoplay=1&#038;rel=0\">\n\t\t\t\t\t\t\t\t<img decoding=\"async\" src=\"https:\/\/img.youtube.com\/vi\/iyANu4hLASY\/0.jpg\" alt=\"Video thumb\">\n\t\t\t\t\t\t\t\t<i aria-hidden=\"true\" class=\"video-icon icon icon-play\"><\/i>\t\t\t\t\t\t\t<\/a>\n\n\t\t\t\t\t\t\t\t\t\t\t<\/div>\n\t\t\t\t\t\t\t\t\t<div class=\"ekit-video-item\">\n\n\t\t\t\t\t\t\n\t\t\t\t\t\t\t<a class=\"video-link popup\" href=\"https:\/\/www.youtube.com\/watch?v=OHHI967Nufk\" data-url=\"https:\/\/www.youtube.com\/embed\/OHHI967Nufk?autoplay=1&#038;rel=0\">\n\t\t\t\t\t\t\t\t<img decoding=\"async\" src=\"https:\/\/img.youtube.com\/vi\/OHHI967Nufk\/0.jpg\" alt=\"Video thumb\">\n\t\t\t\t\t\t\t\t<i aria-hidden=\"true\" class=\"video-icon icon icon-play\"><\/i>\t\t\t\t\t\t\t<\/a>\n\n\t\t\t\t\t\t\t\t\t\t\t<\/div>\n\t\t\t\t\t\t\t\t\t<div class=\"ekit-video-item\">\n\n\t\t\t\t\t\t\n\t\t\t\t\t\t\t<a class=\"video-link popup\" href=\"https:\/\/www.youtube.com\/watch?v=pJbUaTEDnCk\" data-url=\"https:\/\/www.youtube.com\/embed\/pJbUaTEDnCk?autoplay=1&#038;rel=0\">\n\t\t\t\t\t\t\t\t<img decoding=\"async\" src=\"https:\/\/img.youtube.com\/vi\/pJbUaTEDnCk\/0.jpg\" alt=\"Video thumb\">\n\t\t\t\t\t\t\t\t<i aria-hidden=\"true\" class=\"video-icon icon icon-play\"><\/i>\t\t\t\t\t\t\t<\/a>\n\n\t\t\t\t\t\t\t\t\t\t\t<\/div>\n\t\t\t\t\t\t\t\t\t<div class=\"ekit-video-item\">\n\n\t\t\t\t\t\t\n\t\t\t\t\t\t\t<a class=\"video-link popup\" href=\"https:\/\/www.youtube.com\/watch?v=3lVSORDI_OE\" data-url=\"https:\/\/www.youtube.com\/embed\/3lVSORDI_OE?autoplay=1&#038;rel=0\">\n\t\t\t\t\t\t\t\t<img decoding=\"async\" src=\"https:\/\/img.youtube.com\/vi\/3lVSORDI_OE\/0.jpg\" alt=\"Video thumb\">\n\t\t\t\t\t\t\t\t<i aria-hidden=\"true\" class=\"video-icon icon icon-play\"><\/i>\t\t\t\t\t\t\t<\/a>\n\n\t\t\t\t\t\t\t\t\t\t\t<\/div>\n\t\t\t\t\t\t\t\t\t<div class=\"ekit-video-item\">\n\n\t\t\t\t\t\t\n\t\t\t\t\t\t\t<a class=\"video-link popup\" href=\"https:\/\/www.youtube.com\/watch?v=Rp0EkXoQ66Q\" data-url=\"https:\/\/www.youtube.com\/embed\/Rp0EkXoQ66Q?autoplay=1&#038;rel=0\">\n\t\t\t\t\t\t\t\t<img decoding=\"async\" src=\"https:\/\/img.youtube.com\/vi\/Rp0EkXoQ66Q\/0.jpg\" alt=\"Video thumb\">\n\t\t\t\t\t\t\t\t<i aria-hidden=\"true\" class=\"video-icon icon icon-play\"><\/i>\t\t\t\t\t\t\t<\/a>\n\n\t\t\t\t\t\t\t\t\t\t\t<\/div>\n\t\t\t\t\t\t\t\t\t<div class=\"ekit-video-item\">\n\n\t\t\t\t\t\t\n\t\t\t\t\t\t\t<a class=\"video-link popup\" href=\"https:\/\/www.youtube.com\/watch?v=kXYq6skQO_k&#038;t=5s\" data-url=\"https:\/\/www.youtube.com\/embed\/kXYq6skQO_k?autoplay=1&#038;rel=0\">\n\t\t\t\t\t\t\t\t<img decoding=\"async\" src=\"https:\/\/img.youtube.com\/vi\/kXYq6skQO_k\/0.jpg\" alt=\"Video thumb\">\n\t\t\t\t\t\t\t\t<i aria-hidden=\"true\" class=\"video-icon icon icon-play\"><\/i>\t\t\t\t\t\t\t<\/a>\n\n\t\t\t\t\t\t\t\t\t\t\t<\/div>\n\t\t\t\t\t\t\t\t\t<div class=\"ekit-video-item\">\n\n\t\t\t\t\t\t\n\t\t\t\t\t\t\t<a class=\"video-link popup\" href=\"https:\/\/www.youtube.com\/watch?v=KiyVav7hzN8&#038;t=5s\" data-url=\"https:\/\/www.youtube.com\/embed\/KiyVav7hzN8?autoplay=1&#038;rel=0\">\n\t\t\t\t\t\t\t\t<img decoding=\"async\" src=\"https:\/\/img.youtube.com\/vi\/KiyVav7hzN8\/0.jpg\" alt=\"Video thumb\">\n\t\t\t\t\t\t\t\t<i aria-hidden=\"true\" class=\"video-icon icon icon-play\"><\/i>\t\t\t\t\t\t\t<\/a>\n\n\t\t\t\t\t\t\t\t\t\t\t<\/div>\n\t\t\t\t\t\t\t\t\t<div class=\"ekit-video-item\">\n\n\t\t\t\t\t\t\n\t\t\t\t\t\t\t<a class=\"video-link popup\" href=\"https:\/\/www.youtube.com\/watch?v=V2ksz4LJmSU\" data-url=\"https:\/\/www.youtube.com\/embed\/V2ksz4LJmSU?autoplay=1&#038;rel=0\">\n\t\t\t\t\t\t\t\t<img decoding=\"async\" src=\"https:\/\/img.youtube.com\/vi\/V2ksz4LJmSU\/0.jpg\" alt=\"Video thumb\">\n\t\t\t\t\t\t\t\t<i aria-hidden=\"true\" class=\"video-icon icon icon-play\"><\/i>\t\t\t\t\t\t\t<\/a>\n\n\t\t\t\t\t\t\t\t\t\t\t<\/div>\n\t\t\t\t\t\t\t\t\t<div class=\"ekit-video-item\">\n\n\t\t\t\t\t\t\n\t\t\t\t\t\t\t<a class=\"video-link popup\" href=\"https:\/\/www.youtube.com\/watch?v=Bt6ffa3Hiuo&#038;t=17s\" data-url=\"https:\/\/www.youtube.com\/embed\/Bt6ffa3Hiuo?autoplay=1&#038;rel=0\">\n\t\t\t\t\t\t\t\t<img decoding=\"async\" src=\"https:\/\/img.youtube.com\/vi\/Bt6ffa3Hiuo\/0.jpg\" alt=\"Video thumb\">\n\t\t\t\t\t\t\t\t<i aria-hidden=\"true\" class=\"video-icon icon icon-play\"><\/i>\t\t\t\t\t\t\t<\/a>\n\n\t\t\t\t\t\t\t\t\t\t\t<\/div>\n\t\t\t\t\t\t\t\t\t<div class=\"ekit-video-item\">\n\n\t\t\t\t\t\t\n\t\t\t\t\t\t\t<a class=\"video-link popup\" href=\"https:\/\/www.youtube.com\/watch?v=cbHkcc8hv0s\" data-url=\"https:\/\/www.youtube.com\/embed\/cbHkcc8hv0s?autoplay=1&#038;rel=0\">\n\t\t\t\t\t\t\t\t<img decoding=\"async\" src=\"https:\/\/img.youtube.com\/vi\/cbHkcc8hv0s\/0.jpg\" alt=\"Video thumb\">\n\t\t\t\t\t\t\t\t<i aria-hidden=\"true\" class=\"video-icon icon icon-play\"><\/i>\t\t\t\t\t\t\t<\/a>\n\n\t\t\t\t\t\t\t\t\t\t\t<\/div>\n\t\t\t\t\t\t\t\t\t<div class=\"ekit-video-item\">\n\n\t\t\t\t\t\t\n\t\t\t\t\t\t\t<a class=\"video-link popup\" href=\"https:\/\/www.youtube.com\/watch?v=DE_fKmose30&#038;t=1s\" data-url=\"https:\/\/www.youtube.com\/embed\/DE_fKmose30?autoplay=1&#038;rel=0\">\n\t\t\t\t\t\t\t\t<img decoding=\"async\" src=\"https:\/\/img.youtube.com\/vi\/DE_fKmose30\/0.jpg\" alt=\"Video thumb\">\n\t\t\t\t\t\t\t\t<i aria-hidden=\"true\" class=\"video-icon icon icon-play\"><\/i>\t\t\t\t\t\t\t<\/a>\n\n\t\t\t\t\t\t\t\t\t\t\t<\/div>\n\t\t\t\t\n\t\t\t\t\t\t\t<\/div>\n\t\t<\/div>\n\t\t<\/div>\t\t\t\t<\/div>\n\t\t\t\t<\/div>\n\t\t\t\t\t<\/div>\n\t\t<\/div>\n\t\t\t\t\t<\/div>\n\t\t<\/section>\n\t\t\t\t<\/div>","protected":false},"excerpt":{"rendered":"<p>Vestuvi\u0173 filmavimo paslaugos Ie\u0161kote b\u016bdo \u012fam\u017einti savo ypating\u0105 dien\u0105 ir sukurti prisiminimus, kurie i\u0161likt\u0173 vis\u0105 gyvenim\u0105? Mes si\u016blome auk\u0161tos kokyb\u0117s vestuvi\u0173 filmavimo paslaugas, kurios pad\u0117s jums tai padaryti. Su m\u016bs\u0173 komanda sukursime \u00a0jaudinant\u012f film\u0105, kuriame \u00a0j\u016bs\u0173 vestuvi\u0173 dienos akimirkos. Kod\u0117l verta rinktis m\u016bs\u0173 vestuvi\u0173 filmavimo paslaugas? Auk\u0161ta kokyb\u0117: Naudojame auk\u0161\u010diausios klas\u0117s kameras ir gars\u0105, kad [&hellip;]<\/p>","protected":false},"author":1,"featured_media":0,"parent":0,"menu_order":0,"comment_status":"closed","ping_status":"closed","template":"elementor_header_footer","meta":{"footnotes":""},"class_list":["post-912","page","type-page","status-publish","hentry"],"_links":{"self":[{"href":"https:\/\/skystar.lt\/en\/wp-json\/wp\/v2\/pages\/912","targetHints":{"allow":["GET"]}}],"collection":[{"href":"https:\/\/skystar.lt\/en\/wp-json\/wp\/v2\/pages"}],"about":[{"href":"https:\/\/skystar.lt\/en\/wp-json\/wp\/v2\/types\/page"}],"author":[{"embeddable":true,"href":"https:\/\/skystar.lt\/en\/wp-json\/wp\/v2\/users\/1"}],"replies":[{"embeddable":true,"href":"https:\/\/skystar.lt\/en\/wp-json\/wp\/v2\/comments?post=912"}],"version-history":[{"count":46,"href":"https:\/\/skystar.lt\/en\/wp-json\/wp\/v2\/pages\/912\/revisions"}],"predecessor-version":[{"id":1985,"href":"https:\/\/skystar.lt\/en\/wp-json\/wp\/v2\/pages\/912\/revisions\/1985"}],"wp:attachment":[{"href":"https:\/\/skystar.lt\/en\/wp-json\/wp\/v2\/media?parent=912"}],"curies":[{"name":"wp","href":"https:\/\/api.w.org\/{rel}","templated":true}]}}