{"id":902,"date":"2024-05-30T12:58:07","date_gmt":"2024-05-30T12:58:07","guid":{"rendered":"https:\/\/skystar.paslaugosverslui.lt\/?page_id=902"},"modified":"2024-10-10T09:34:47","modified_gmt":"2024-10-10T09:34:47","slug":"laidos-reportazai","status":"publish","type":"page","link":"https:\/\/skystar.lt\/en\/laidos-reportazai\/","title":{"rendered":"Shows, reports"},"content":{"rendered":"<div data-elementor-type=\"wp-page\" data-elementor-id=\"902\" class=\"elementor elementor-902\">\n\t\t\t\t\t\t<section class=\"elementor-section elementor-top-section elementor-element elementor-element-58852138 elementor-section-boxed elementor-section-height-default elementor-section-height-default\" data-id=\"58852138\" data-element_type=\"section\" data-settings=\"{&quot;background_background&quot;:&quot;video&quot;,&quot;background_video_link&quot;:&quot;https:\\\/\\\/skystar.lt\\\/wp-content\\\/uploads\\\/2024\\\/05\\\/stars-1.mp4&quot;,&quot;background_play_on_mobile&quot;:&quot;yes&quot;}\">\n\t\t\t\t\t\t\t\t<div class=\"elementor-background-video-container\" aria-hidden=\"true\">\n\t\t\t\t\t\t\t\t\t\t\t\t\t<video class=\"elementor-background-video-hosted\" autoplay muted playsinline loop><\/video>\n\t\t\t\t\t\t\t\t\t\t\t<\/div>\n\t\t\t\t\t\t\t\t\t<div class=\"elementor-background-overlay\"><\/div>\n\t\t\t\t\t\t\t<div class=\"elementor-container elementor-column-gap-default\">\n\t\t\t\t\t<div class=\"elementor-column elementor-col-100 elementor-top-column elementor-element elementor-element-5cdbcd6\" data-id=\"5cdbcd6\" data-element_type=\"column\">\n\t\t\t<div class=\"elementor-widget-wrap\">\n\t\t\t\t\t\t\t<\/div>\n\t\t<\/div>\n\t\t\t\t\t<\/div>\n\t\t<\/section>\n\t\t\t\t<section class=\"elementor-section elementor-top-section elementor-element elementor-element-5415b379 elementor-section-boxed elementor-section-height-default elementor-section-height-default\" data-id=\"5415b379\" data-element_type=\"section\">\n\t\t\t\t\t\t<div class=\"elementor-container elementor-column-gap-default\">\n\t\t\t\t\t<div class=\"elementor-column elementor-col-100 elementor-top-column elementor-element elementor-element-2b4626ba\" data-id=\"2b4626ba\" data-element_type=\"column\">\n\t\t\t<div class=\"elementor-widget-wrap elementor-element-populated\">\n\t\t\t\t\t\t<div class=\"elementor-element elementor-element-6dabc68e elementor-widget elementor-widget-heading\" data-id=\"6dabc68e\" data-element_type=\"widget\" data-settings=\"{&quot;ekit_we_effect_on&quot;:&quot;none&quot;}\" data-widget_type=\"heading.default\">\n\t\t\t\t<div class=\"elementor-widget-container\">\n\t\t\t\t\t<h2 class=\"elementor-heading-title elementor-size-default\">Shows and reports<\/h2>\t\t\t\t<\/div>\n\t\t\t\t<\/div>\n\t\t\t\t<div class=\"elementor-element elementor-element-6eb3dce6 elementor-widget elementor-widget-text-editor\" data-id=\"6eb3dce6\" data-element_type=\"widget\" data-settings=\"{&quot;ekit_we_effect_on&quot;:&quot;none&quot;}\" data-widget_type=\"text-editor.default\">\n\t\t\t\t<div class=\"elementor-widget-container\">\n\t\t\t\t\t\t\t\t\t<h4>Do you want to create an engaging and informative show or report that engages your target audience?<\/h4>\t\t\t\t\t\t\t\t<\/div>\n\t\t\t\t<\/div>\n\t\t\t\t<div class=\"elementor-element elementor-element-41c0f827 elementor-widget elementor-widget-text-editor\" data-id=\"41c0f827\" data-element_type=\"widget\" data-settings=\"{&quot;ekit_we_effect_on&quot;:&quot;none&quot;}\" data-widget_type=\"text-editor.default\">\n\t\t\t\t<div class=\"elementor-widget-container\">\n\t\t\t\t\t\t\t\t\t<div class=\"markdown markdown-main-panel\" dir=\"ltr\">\n<div class=\"markdown markdown-main-panel\" dir=\"ltr\">\n<p data-sourcepos=\"5:1-5:258\">We offer high-quality broadcast and reportage filming services.&nbsp;<\/p>\n<p data-sourcepos=\"7:1-7:7\"><strong>Why should you choose our services?<\/strong><\/p>\n<ul data-sourcepos=\"9:1-11:57\">\n<li data-sourcepos=\"9:1-9:125\"><strong>High quality:<\/strong> We use top-of-the-line cameras and audio to ensure flawless video and audio quality.<\/li>\n<li data-sourcepos=\"10:1-10:147\"><strong>Professional editing:<\/strong> Our experienced editors will create a video that is dynamic, engaging and in line with your brand style.<\/li>\n<li data-sourcepos=\"12:1-12:116\"><strong>Experienced team:<\/strong> Our team has a lot of experience in creating and filming various formats of shows and reports.<\/li>\n<li data-sourcepos=\"13:1-13:200\"><strong>Wide variety of formats:<\/strong> We can also create short videos for sharing on social media.<\/li>\n<\/ul>\n<p data-sourcepos=\"16:1-16:22\">\n<\/p><p data-sourcepos=\"16:1-16:22\"><strong>What do we film?<\/strong><\/p>\n<p data-sourcepos=\"18:1-18:64\">We can film various formats of shows and reports:<\/p>\n<ul data-sourcepos=\"20:1-21:10\">\n<li data-sourcepos=\"20:1-20:17\">Talk shows<\/li>\n<li data-sourcepos=\"21:1-21:10\">News reports<\/li>\n<li data-sourcepos=\"22:1-22:22\">Documentary<\/li>\n<li data-sourcepos=\"23:1-23:27\">Ads<\/li>\n<li data-sourcepos=\"24:1-24:24\">Event broadcasts<\/li>\n<li data-sourcepos=\"25:1-26:0\">Trainings, lectures<\/li>\n<\/ul>\n<p data-sourcepos=\"27:1-27:21\">\n<\/p><p data-sourcepos=\"27:1-27:21\"><strong>How do we work?<\/strong><\/p>\n<p data-sourcepos=\"29:1-29:250\">We will work closely with you to understand your needs, goals and audience. We will discuss your show or report, format, style and budget. Our team can take care of everything from script writing to filming and editing.<\/p>\n<p data-sourcepos=\"35:1-35:54\"><strong>We can offer additional services:<\/strong><\/p>\n<ul data-sourcepos=\"37:1-37:91\">\n<li data-sourcepos=\"37:1-37:91\"><strong>Script writing:<\/strong> We can help you write a script for your show or report.<\/li>\n<li data-sourcepos=\"38:1-38:74\"><strong>Transcreation:<\/strong> We can translate your show or report into different languages.<\/li>\n<li data-sourcepos=\"39:1-40:0\"><strong>Promotion:<\/strong> We can help you promote your show or report on various platforms.<\/li>\n<\/ul>\n<p data-sourcepos=\"41:1-41:67\"><strong><br><\/strong><\/p><p data-sourcepos=\"41:1-41:67\"><strong>We are committed to providing the best possible experience.&nbsp;<\/strong><strong style=\"font-family: var( --e-global-typography-text-font-family ), Sans-serif; font-size: 1rem;\">Get in touch to discuss your needs.<\/strong><\/p>\n<\/div>\n<\/div>\t\t\t\t\t\t\t\t<\/div>\n\t\t\t\t<\/div>\n\t\t\t\t<div class=\"elementor-element elementor-element-dab6dae elementor-hidden-desktop elementor-hidden-tablet elementor-hidden-mobile elementor-widget elementor-widget-elementskit-video-gallery\" data-id=\"dab6dae\" data-element_type=\"widget\" data-settings=\"{&quot;ekit_column&quot;:&quot;3&quot;,&quot;ekit_column_tablet&quot;:&quot;2&quot;,&quot;ekit_column_mobile&quot;:&quot;1&quot;,&quot;ekit_we_effect_on&quot;:&quot;none&quot;}\" data-widget_type=\"elementskit-video-gallery.default\">\n\t\t\t\t<div class=\"elementor-widget-container\">\n\t\t\t\t\t<div class=\"ekit-wid-con\" >\t\t<div class=\"ekit-video-gallery-wrapper\">\n\n\t\t\t<!-- filter nav -->\n\t\t\t\t\t\t<!-- filter nav -->\n\n\n\t\t\t<div class=\"ekit-video-gallery ekit-grid ekit-column-3 ekit-column-tablet-2 ekit-column-mobile-1 ekit_play_on\" data-config=\"{&quot;rtl&quot;:false,&quot;arrows&quot;:false,&quot;dots&quot;:false,&quot;prevArrow&quot;:&quot;&quot;,&quot;nextArrow&quot;:&quot;&quot;,&quot;autoplay&quot;:false,&quot;speed&quot;:1000,&quot;infinite&quot;:false,&quot;slidesPerView&quot;:&quot;&quot;,&quot;slidesPerGroup&quot;:&quot;&quot;,&quot;pauseOnMouseEnter&quot;:false,&quot;loop&quot;:false,&quot;breakpointsInverse&quot;:true,&quot;breakpoints&quot;:{&quot;360&quot;:{&quot;slidesPerView&quot;:&quot;&quot;,&quot;slidesPerGroup&quot;:&quot;&quot;,&quot;spaceBetween&quot;:10},&quot;768&quot;:{&quot;slidesPerView&quot;:&quot;&quot;,&quot;slidesPerGroup&quot;:&quot;&quot;,&quot;spaceBetween&quot;:10},&quot;1024&quot;:{&quot;slidesPerView&quot;:&quot;&quot;,&quot;slidesPerGroup&quot;:&quot;&quot;,&quot;spaceBetween&quot;:15}}}\">\n\t\t\t\t\n\t\t\t\t\t\t\t\t\t<div class=\"ekit-video-item\">\n\n\t\t\t\t\t\t\n\t\t\t\t\t\t\t<a class=\"video-link popup\" href=\"\" data-url=\"https:\/\/www.youtube.com\/embed\/?autoplay=1&#038;rel=0\">\n\t\t\t\t\t\t\t\t<img decoding=\"async\" src=\"https:\/\/img.youtube.com\/vi\/\/0.jpg\" alt=\"Video thumb\">\n\t\t\t\t\t\t\t\t<i aria-hidden=\"true\" class=\"video-icon icon icon-play\"><\/i>\t\t\t\t\t\t\t<\/a>\n\n\t\t\t\t\t\t\t\t\t\t\t<\/div>\n\t\t\t\t\n\t\t\t\t\t\t\t<\/div>\n\t\t<\/div>\n\t\t<\/div>\t\t\t\t<\/div>\n\t\t\t\t<\/div>\n\t\t\t\t\t<\/div>\n\t\t<\/div>\n\t\t\t\t\t<\/div>\n\t\t<\/section>\n\t\t\t\t<\/div>","protected":false},"excerpt":{"rendered":"<p>Laid\u0173 ir reporta\u017e\u0173 filmavimo paslaugos Ar norite sukurti patraukli\u0105 ir informatyvi\u0105 laid\u0105 ar reporta\u017e\u0105, kuris \u012ftraukt\u0173 tikslin\u0119 auditorij\u0105? Mes si\u016blome auk\u0161tos kokyb\u0117s laid\u0173 ir reporta\u017e\u0173 filmavimo paslaugas, kurios pad\u0117s jums tai padaryti.&nbsp; Kod\u0117l verta rinktis m\u016bs\u0173 laid\u0173 ir reporta\u017e\u0173 filmavimo paslaugas? Auk\u0161ta kokyb\u0117: Naudojame auk\u0161\u010diausios klas\u0117s kameras ir gars\u0105, kad u\u017etikrintume nepriekai\u0161ting\u0105 vaizdo ir garso [&hellip;]<\/p>","protected":false},"author":1,"featured_media":0,"parent":0,"menu_order":0,"comment_status":"closed","ping_status":"closed","template":"elementor_header_footer","meta":{"footnotes":""},"class_list":["post-902","page","type-page","status-publish","hentry"],"_links":{"self":[{"href":"https:\/\/skystar.lt\/en\/wp-json\/wp\/v2\/pages\/902","targetHints":{"allow":["GET"]}}],"collection":[{"href":"https:\/\/skystar.lt\/en\/wp-json\/wp\/v2\/pages"}],"about":[{"href":"https:\/\/skystar.lt\/en\/wp-json\/wp\/v2\/types\/page"}],"author":[{"embeddable":true,"href":"https:\/\/skystar.lt\/en\/wp-json\/wp\/v2\/users\/1"}],"replies":[{"embeddable":true,"href":"https:\/\/skystar.lt\/en\/wp-json\/wp\/v2\/comments?post=902"}],"version-history":[{"count":34,"href":"https:\/\/skystar.lt\/en\/wp-json\/wp\/v2\/pages\/902\/revisions"}],"predecessor-version":[{"id":1920,"href":"https:\/\/skystar.lt\/en\/wp-json\/wp\/v2\/pages\/902\/revisions\/1920"}],"wp:attachment":[{"href":"https:\/\/skystar.lt\/en\/wp-json\/wp\/v2\/media?parent=902"}],"curies":[{"name":"wp","href":"https:\/\/api.w.org\/{rel}","templated":true}]}}