{"id":895,"date":"2024-05-30T12:55:30","date_gmt":"2024-05-30T12:55:30","guid":{"rendered":"https:\/\/skystar.paslaugosverslui.lt\/?page_id=895"},"modified":"2024-10-10T09:33:05","modified_gmt":"2024-10-10T09:33:05","slug":"podcast-filmavimas","status":"publish","type":"page","link":"https:\/\/skystar.lt\/en\/podcast-filmavimas\/","title":{"rendered":"Podcast recording"},"content":{"rendered":"<div data-elementor-type=\"wp-page\" data-elementor-id=\"895\" class=\"elementor elementor-895\">\n\t\t\t\t\t\t<section class=\"elementor-section elementor-top-section elementor-element elementor-element-58852138 elementor-section-boxed elementor-section-height-default elementor-section-height-default\" data-id=\"58852138\" data-element_type=\"section\" data-settings=\"{&quot;background_background&quot;:&quot;video&quot;,&quot;background_video_link&quot;:&quot;https:\\\/\\\/skystar.lt\\\/wp-content\\\/uploads\\\/2024\\\/05\\\/stars-1.mp4&quot;,&quot;background_play_on_mobile&quot;:&quot;yes&quot;}\">\n\t\t\t\t\t\t\t\t<div class=\"elementor-background-video-container\" aria-hidden=\"true\">\n\t\t\t\t\t\t\t\t\t\t\t\t\t<video class=\"elementor-background-video-hosted\" autoplay muted playsinline loop><\/video>\n\t\t\t\t\t\t\t\t\t\t\t<\/div>\n\t\t\t\t\t\t\t\t\t<div class=\"elementor-background-overlay\"><\/div>\n\t\t\t\t\t\t\t<div class=\"elementor-container elementor-column-gap-default\">\n\t\t\t\t\t<div class=\"elementor-column elementor-col-100 elementor-top-column elementor-element elementor-element-5cdbcd6\" data-id=\"5cdbcd6\" data-element_type=\"column\">\n\t\t\t<div class=\"elementor-widget-wrap\">\n\t\t\t\t\t\t\t<\/div>\n\t\t<\/div>\n\t\t\t\t\t<\/div>\n\t\t<\/section>\n\t\t\t\t<section class=\"elementor-section elementor-top-section elementor-element elementor-element-5415b379 elementor-section-boxed elementor-section-height-default elementor-section-height-default\" data-id=\"5415b379\" data-element_type=\"section\">\n\t\t\t\t\t\t<div class=\"elementor-container elementor-column-gap-default\">\n\t\t\t\t\t<div class=\"elementor-column elementor-col-100 elementor-top-column elementor-element elementor-element-2b4626ba\" data-id=\"2b4626ba\" data-element_type=\"column\">\n\t\t\t<div class=\"elementor-widget-wrap elementor-element-populated\">\n\t\t\t\t\t\t<div class=\"elementor-element elementor-element-6dabc68e elementor-widget elementor-widget-heading\" data-id=\"6dabc68e\" data-element_type=\"widget\" data-settings=\"{&quot;ekit_we_effect_on&quot;:&quot;none&quot;}\" data-widget_type=\"heading.default\">\n\t\t\t\t<div class=\"elementor-widget-container\">\n\t\t\t\t\t<h2 class=\"elementor-heading-title elementor-size-default\">Podcast recording<\/h2>\t\t\t\t<\/div>\n\t\t\t\t<\/div>\n\t\t\t\t<div class=\"elementor-element elementor-element-6eb3dce6 elementor-widget elementor-widget-text-editor\" data-id=\"6eb3dce6\" data-element_type=\"widget\" data-settings=\"{&quot;ekit_we_effect_on&quot;:&quot;none&quot;}\" data-widget_type=\"text-editor.default\">\n\t\t\t\t<div class=\"elementor-widget-container\">\n\t\t\t\t\t\t\t\t\t<h4>Do you want to enhance your podcast?<\/h4>\t\t\t\t\t\t\t\t<\/div>\n\t\t\t\t<\/div>\n\t\t\t\t<div class=\"elementor-element elementor-element-41c0f827 elementor-widget elementor-widget-text-editor\" data-id=\"41c0f827\" data-element_type=\"widget\" data-settings=\"{&quot;ekit_we_effect_on&quot;:&quot;none&quot;}\" data-widget_type=\"text-editor.default\">\n\t\t\t\t<div class=\"elementor-widget-container\">\n\t\t\t\t\t\t\t\t\t<div class=\"markdown markdown-main-panel\" dir=\"ltr\"><p data-sourcepos=\"5:1-5:288\">We offer high-quality podcast recording services. A quality video will help you reach a wider audience and increase the popularity of your podcast.<\/p><p data-sourcepos=\"7:1-7:55\"><strong>Why you need to choose us?<\/strong><\/p><ul data-sourcepos=\"9:1-11:98\"><li data-sourcepos=\"9:1-9:125\"><strong>High quality:<\/strong> We use top-of-the-line cameras and audio equipment to ensure flawless video and audio quality.<\/li><li data-sourcepos=\"10:1-10:157\"><strong>Professional lighting and sound:<\/strong> We'll ensure your podcast looks and sounds great with professional lighting and sound equipment.<\/li><li data-sourcepos=\"11:1-11:98\"><strong>PRO editing:<\/strong> Our experienced editors will create a video that is dynamic, engaging and matches the style of your podcast.<\/li><li data-sourcepos=\"12:1-12:201\"><strong>Various formats:<\/strong> We can create videos for different platforms\u00a0<a class=\"traceable-link\" href=\"https:\/\/www.youtube.com\/\" target=\"_blank\" rel=\"noopener noreferrer\">YouTube<\/a>, <a class=\"traceable-link\" href=\"https:\/\/www.facebook.com\/\" target=\"_blank\" rel=\"noopener noreferrer\">Facebook<\/a>\u00a0or for your podcast website.<\/li><li data-sourcepos=\"13:1-14:0\"><strong>Additional services:<\/strong> We can offer additional services such as subtitling, transcreation and streaming monitoring.<\/li><\/ul><p data-sourcepos=\"15:1-15:22\">\u00a0<\/p><p data-sourcepos=\"15:1-15:22\"><strong>What do we film?<\/strong><\/p><p data-sourcepos=\"17:1-17:53\">We can record various podcast formats:<\/p><ul data-sourcepos=\"19:1-24:0\"><li data-sourcepos=\"19:1-19:24\">One quest\/host show<\/li><li data-sourcepos=\"20:1-20:30\">Interview with few quests<\/li><li data-sourcepos=\"21:1-21:18\">Discussion groups<\/li><li data-sourcepos=\"22:1-22:26\">Live shows<\/li><li data-sourcepos=\"23:1-24:0\">Q&amp;A sessions<\/li><\/ul><p data-sourcepos=\"25:1-25:21\">\u00a0<\/p><p data-sourcepos=\"25:1-25:21\"><strong>How do we work?<\/strong><\/p><p data-sourcepos=\"27:1-27:111\">We will work closely with you to understand your needs, goals and create a customized filming plan. We will discuss the format, style and target audience of your podcast. Our team will take care of everything from preparation to final editing and deliver of video material.<\/p><p data-sourcepos=\"33:1-33:54\"><strong>We can offer additional services:<\/strong><\/p><ul data-sourcepos=\"35:1-37:28\"><li data-sourcepos=\"35:1-35:100\"><strong>Intro and outro:<\/strong> We can create a professional intro and outro for your podcast.<\/li><li data-sourcepos=\"36:1-36:90\"><strong>Graphic design:<\/strong> We can create graphics such as your podcast logo.<\/li><li data-sourcepos=\"37:1-37:28\"><strong>Social media marketing:<\/strong> We can help you promote your podcast video on social media.<\/li><\/ul><p data-sourcepos=\"39:1-39:67\"><strong>\u00a0<\/strong><\/p><p data-sourcepos=\"39:1-39:67\"><strong>We are committed to providing the best possible experience.\u00a0<\/strong><strong style=\"font-family: var( --e-global-typography-text-font-family ), Sans-serif; font-size: 1rem;\">Get in touch to discuss your needs.<\/strong><\/p><\/div>\t\t\t\t\t\t\t\t<\/div>\n\t\t\t\t<\/div>\n\t\t\t\t<div class=\"elementor-element elementor-element-f37a504 elementor-hidden-desktop elementor-hidden-tablet elementor-hidden-mobile elementor-widget elementor-widget-elementskit-video-gallery\" data-id=\"f37a504\" data-element_type=\"widget\" data-settings=\"{&quot;ekit_column&quot;:&quot;3&quot;,&quot;ekit_column_tablet&quot;:&quot;2&quot;,&quot;ekit_column_mobile&quot;:&quot;1&quot;,&quot;ekit_we_effect_on&quot;:&quot;none&quot;}\" data-widget_type=\"elementskit-video-gallery.default\">\n\t\t\t\t<div class=\"elementor-widget-container\">\n\t\t\t\t\t<div class=\"ekit-wid-con\" >\t\t<div class=\"ekit-video-gallery-wrapper\">\n\n\t\t\t<!-- filter nav -->\n\t\t\t\t\t\t<!-- filter nav -->\n\n\n\t\t\t<div class=\"ekit-video-gallery ekit-grid ekit-column-3 ekit-column-tablet-2 ekit-column-mobile-1 ekit_play_on\" data-config=\"{&quot;rtl&quot;:false,&quot;arrows&quot;:false,&quot;dots&quot;:false,&quot;prevArrow&quot;:&quot;&quot;,&quot;nextArrow&quot;:&quot;&quot;,&quot;autoplay&quot;:false,&quot;speed&quot;:1000,&quot;infinite&quot;:false,&quot;slidesPerView&quot;:&quot;&quot;,&quot;slidesPerGroup&quot;:&quot;&quot;,&quot;pauseOnMouseEnter&quot;:false,&quot;loop&quot;:false,&quot;breakpointsInverse&quot;:true,&quot;breakpoints&quot;:{&quot;360&quot;:{&quot;slidesPerView&quot;:&quot;&quot;,&quot;slidesPerGroup&quot;:&quot;&quot;,&quot;spaceBetween&quot;:10},&quot;768&quot;:{&quot;slidesPerView&quot;:&quot;&quot;,&quot;slidesPerGroup&quot;:&quot;&quot;,&quot;spaceBetween&quot;:10},&quot;1024&quot;:{&quot;slidesPerView&quot;:&quot;&quot;,&quot;slidesPerGroup&quot;:&quot;&quot;,&quot;spaceBetween&quot;:15}}}\">\n\t\t\t\t\n\t\t\t\t\t\t\t\t\t<div class=\"ekit-video-item\">\n\n\t\t\t\t\t\t\n\t\t\t\t\t\t\t<a class=\"video-link popup\" href=\"\" data-url=\"https:\/\/www.youtube.com\/embed\/?autoplay=1&#038;rel=0\">\n\t\t\t\t\t\t\t\t<img decoding=\"async\" src=\"https:\/\/img.youtube.com\/vi\/\/0.jpg\" alt=\"Video thumb\">\n\t\t\t\t\t\t\t\t<i aria-hidden=\"true\" class=\"video-icon icon icon-play\"><\/i>\t\t\t\t\t\t\t<\/a>\n\n\t\t\t\t\t\t\t\t\t\t\t<\/div>\n\t\t\t\t\n\t\t\t\t\t\t\t<\/div>\n\t\t<\/div>\n\t\t<\/div>\t\t\t\t<\/div>\n\t\t\t\t<\/div>\n\t\t\t\t\t<\/div>\n\t\t<\/div>\n\t\t\t\t\t<\/div>\n\t\t<\/section>\n\t\t\t\t<\/div>","protected":false},"excerpt":{"rendered":"<p>TINKLALAID\u0116S FILMAVIMO PASLAUGOS Ar norite patobulinti savo tinklalaid\u0119 ir suteikti jai profesional\u0173 vaizd\u0105? Mes si\u016blome auk\u0161tos kokyb\u0117s podcast filmavimo paslaugas, kurios pad\u0117s jums tai padaryti. Kokybi\u0161kas vaizdo \u012fra\u0161as jums pad\u0117s pasiekti platesn\u0119 auditorij\u0105 ir padidinti savo podcast populiarum\u0105. Kod\u0117l verta rinktis m\u016bs\u0173 tinklalaid\u0117s filmavimo paslaugas? Auk\u0161ta kokyb\u0117: Naudojame auk\u0161\u010diausios klas\u0117s kameras ir garso \u012frang\u0105, kad [&hellip;]<\/p>","protected":false},"author":1,"featured_media":0,"parent":0,"menu_order":0,"comment_status":"closed","ping_status":"closed","template":"elementor_header_footer","meta":{"footnotes":""},"class_list":["post-895","page","type-page","status-publish","hentry"],"_links":{"self":[{"href":"https:\/\/skystar.lt\/en\/wp-json\/wp\/v2\/pages\/895","targetHints":{"allow":["GET"]}}],"collection":[{"href":"https:\/\/skystar.lt\/en\/wp-json\/wp\/v2\/pages"}],"about":[{"href":"https:\/\/skystar.lt\/en\/wp-json\/wp\/v2\/types\/page"}],"author":[{"embeddable":true,"href":"https:\/\/skystar.lt\/en\/wp-json\/wp\/v2\/users\/1"}],"replies":[{"embeddable":true,"href":"https:\/\/skystar.lt\/en\/wp-json\/wp\/v2\/comments?post=895"}],"version-history":[{"count":34,"href":"https:\/\/skystar.lt\/en\/wp-json\/wp\/v2\/pages\/895\/revisions"}],"predecessor-version":[{"id":1914,"href":"https:\/\/skystar.lt\/en\/wp-json\/wp\/v2\/pages\/895\/revisions\/1914"}],"wp:attachment":[{"href":"https:\/\/skystar.lt\/en\/wp-json\/wp\/v2\/media?parent=895"}],"curies":[{"name":"wp","href":"https:\/\/api.w.org\/{rel}","templated":true}]}}