{"id":890,"date":"2024-05-30T12:53:00","date_gmt":"2024-05-30T12:53:00","guid":{"rendered":"https:\/\/skystar.paslaugosverslui.lt\/?page_id=890"},"modified":"2024-10-10T09:31:13","modified_gmt":"2024-10-10T09:31:13","slug":"video-socialiniams-tinklams","status":"publish","type":"page","link":"https:\/\/skystar.lt\/en\/video-socialiniams-tinklams\/","title":{"rendered":"Video for social networks"},"content":{"rendered":"<div data-elementor-type=\"wp-page\" data-elementor-id=\"890\" class=\"elementor elementor-890\">\n\t\t\t\t\t\t<section class=\"elementor-section elementor-top-section elementor-element elementor-element-58852138 elementor-section-boxed elementor-section-height-default elementor-section-height-default\" data-id=\"58852138\" data-element_type=\"section\" data-settings=\"{&quot;background_background&quot;:&quot;video&quot;,&quot;background_video_link&quot;:&quot;https:\\\/\\\/skystar.lt\\\/wp-content\\\/uploads\\\/2024\\\/05\\\/stars-1.mp4&quot;,&quot;background_play_on_mobile&quot;:&quot;yes&quot;}\">\n\t\t\t\t\t\t\t\t<div class=\"elementor-background-video-container\" aria-hidden=\"true\">\n\t\t\t\t\t\t\t\t\t\t\t\t\t<video class=\"elementor-background-video-hosted\" autoplay muted playsinline loop><\/video>\n\t\t\t\t\t\t\t\t\t\t\t<\/div>\n\t\t\t\t\t\t\t\t\t<div class=\"elementor-background-overlay\"><\/div>\n\t\t\t\t\t\t\t<div class=\"elementor-container elementor-column-gap-default\">\n\t\t\t\t\t<div class=\"elementor-column elementor-col-100 elementor-top-column elementor-element elementor-element-5cdbcd6\" data-id=\"5cdbcd6\" data-element_type=\"column\">\n\t\t\t<div class=\"elementor-widget-wrap\">\n\t\t\t\t\t\t\t<\/div>\n\t\t<\/div>\n\t\t\t\t\t<\/div>\n\t\t<\/section>\n\t\t\t\t<section class=\"elementor-section elementor-top-section elementor-element elementor-element-5415b379 elementor-section-boxed elementor-section-height-default elementor-section-height-default\" data-id=\"5415b379\" data-element_type=\"section\">\n\t\t\t\t\t\t<div class=\"elementor-container elementor-column-gap-default\">\n\t\t\t\t\t<div class=\"elementor-column elementor-col-100 elementor-top-column elementor-element elementor-element-2b4626ba\" data-id=\"2b4626ba\" data-element_type=\"column\">\n\t\t\t<div class=\"elementor-widget-wrap elementor-element-populated\">\n\t\t\t\t\t\t<div class=\"elementor-element elementor-element-6dabc68e elementor-widget elementor-widget-heading\" data-id=\"6dabc68e\" data-element_type=\"widget\" data-settings=\"{&quot;ekit_we_effect_on&quot;:&quot;none&quot;}\" data-widget_type=\"heading.default\">\n\t\t\t\t<div class=\"elementor-widget-container\">\n\t\t\t\t\t<h2 class=\"elementor-heading-title elementor-size-default\">Video for social networks<\/h2>\t\t\t\t<\/div>\n\t\t\t\t<\/div>\n\t\t\t\t<div class=\"elementor-element elementor-element-6eb3dce6 elementor-widget elementor-widget-text-editor\" data-id=\"6eb3dce6\" data-element_type=\"widget\" data-settings=\"{&quot;ekit_we_effect_on&quot;:&quot;none&quot;}\" data-widget_type=\"text-editor.default\">\n\t\t\t\t<div class=\"elementor-widget-container\">\n\t\t\t\t\t\t\t\t\t<h4>Are you looking to increase your brand awareness and engagement on social media?<\/h4>\t\t\t\t\t\t\t\t<\/div>\n\t\t\t\t<\/div>\n\t\t\t\t<div class=\"elementor-element elementor-element-41c0f827 elementor-widget elementor-widget-text-editor\" data-id=\"41c0f827\" data-element_type=\"widget\" data-settings=\"{&quot;ekit_we_effect_on&quot;:&quot;none&quot;}\" data-widget_type=\"text-editor.default\">\n\t\t\t\t<div class=\"elementor-widget-container\">\n\t\t\t\t\t\t\t\t\t<div class=\"markdown markdown-main-panel\" dir=\"ltr\"><div class=\"markdown markdown-main-panel\" dir=\"ltr\"><p data-sourcepos=\"5:1-5:86\">We offer high-quality social media video production services. With our team, we can create engaging videos that will help you reach your target audience and achieve your business goals.<\/p><p data-sourcepos=\"7:1-7:74\"><strong>Why you need to choose us?<\/strong><\/p><ul data-sourcepos=\"9:1-10:50\"><li data-sourcepos=\"9:1-9:171\"><strong>Creative approach:<\/strong> Our creative team will come up with unique and engaging video ideas that match your brand identity and target audience.<\/li><li data-sourcepos=\"10:1-10:50\"><strong>High quality:<\/strong> We use top-of-the-line cameras and audio to ensure flawless video and audio quality.<\/li><li data-sourcepos=\"11:1-11:147\"><strong>Professional editing:<\/strong> Our experienced editors will create videos that are dynamic, engaging and in line with your brand style.<\/li><li data-sourcepos=\"12:1-12:264\"><strong>Wide variety of formats:<\/strong> We can create videos for various social networks including <a class=\"traceable-link\" href=\"https:\/\/www.instagram.com\/\" target=\"_blank\" rel=\"noopener noreferrer\">Instagram<\/a>, <a class=\"traceable-link\" href=\"https:\/\/www.facebook.com\/\" target=\"_blank\" rel=\"noopener noreferrer\">Facebook<\/a>, <a class=\"traceable-link\" href=\"https:\/\/www.tiktok.com\/\" target=\"_blank\" rel=\"noopener noreferrer\">TikTok<\/a>, <a class=\"traceable-link\" href=\"https:\/\/www.youtube.com\/\" target=\"_blank\" rel=\"noopener noreferrer\">YouTube<\/a> etc.<\/li><\/ul><p data-sourcepos=\"15:1-15:19\">\u00a0<\/p><p data-sourcepos=\"15:1-15:19\"><strong>What do we create?<\/strong><\/p><p data-sourcepos=\"17:1-17:71\">We can create a variety of videos for social media including:<\/p><ul data-sourcepos=\"19:1-26:0\"><li data-sourcepos=\"19:1-19:27\">Ads<\/li><li data-sourcepos=\"20:1-20:25\">Product showcases<\/li><li data-sourcepos=\"22:1-22:22\">Review video<\/li><li data-sourcepos=\"23:1-23:27\">Training video<\/li><li data-sourcepos=\"24:1-24:27\">Live broadcasts<\/li><li data-sourcepos=\"25:1-26:0\">IG Reel<\/li><\/ul><p data-sourcepos=\"27:1-27:21\">\u00a0<\/p><p data-sourcepos=\"27:1-27:21\"><strong>How do we work?<\/strong><\/p><p data-sourcepos=\"29:1-29:287\">We will work closely with you to understand your needs and goals. We will coordinate the project work plan in detail and take care of its implementation.<\/p><\/div><div class=\"markdown markdown-main-panel\" dir=\"ltr\"><p data-sourcepos=\"33:1-33:148\"><strong>We will help you create impressive videos for social networks that will reach and interest the target audience.<\/strong><\/p><p data-sourcepos=\"35:1-35:54\"><strong>We can offer additional services:<\/strong><\/p><ul data-sourcepos=\"37:1-40:0\"><li data-sourcepos=\"37:1-37:146\"><strong>Photos:<\/strong> We can offer photo editing services to create a cohesive social media presence for your brand.<\/li><li data-sourcepos=\"38:1-38:161\"><strong>Influencer marketing:<\/strong> We can help you to find right influencers to reach a wider audience and increase brand awareness.<\/li><li data-sourcepos=\"39:1-40:0\"><strong>Social media administration:<\/strong> We can help you manage your social media accounts and create content that will help you connect with your audience and reach your social media goals.<\/li><\/ul><p data-sourcepos=\"41:1-41:67\">\u00a0<\/p><p data-sourcepos=\"41:1-41:67\"><strong>We are committed to providing the best possible experience. <\/strong><strong>Get in touch to discuss your needs.<\/strong><\/p><\/div><\/div>\t\t\t\t\t\t\t\t<\/div>\n\t\t\t\t<\/div>\n\t\t\t\t<div class=\"elementor-element elementor-element-382da50 elementor-hidden-desktop elementor-hidden-tablet elementor-hidden-mobile elementor-widget elementor-widget-elementskit-video-gallery\" data-id=\"382da50\" data-element_type=\"widget\" data-settings=\"{&quot;ekit_column&quot;:&quot;3&quot;,&quot;ekit_column_tablet&quot;:&quot;2&quot;,&quot;ekit_column_mobile&quot;:&quot;1&quot;,&quot;ekit_we_effect_on&quot;:&quot;none&quot;}\" data-widget_type=\"elementskit-video-gallery.default\">\n\t\t\t\t<div class=\"elementor-widget-container\">\n\t\t\t\t\t<div class=\"ekit-wid-con\" >\t\t<div class=\"ekit-video-gallery-wrapper\">\n\n\t\t\t<!-- filter nav -->\n\t\t\t\t\t\t<!-- filter nav -->\n\n\n\t\t\t<div class=\"ekit-video-gallery ekit-grid ekit-column-3 ekit-column-tablet-2 ekit-column-mobile-1 ekit_play_on\" data-config=\"{&quot;rtl&quot;:false,&quot;arrows&quot;:false,&quot;dots&quot;:false,&quot;prevArrow&quot;:&quot;&quot;,&quot;nextArrow&quot;:&quot;&quot;,&quot;autoplay&quot;:false,&quot;speed&quot;:1000,&quot;infinite&quot;:false,&quot;slidesPerView&quot;:&quot;&quot;,&quot;slidesPerGroup&quot;:&quot;&quot;,&quot;pauseOnMouseEnter&quot;:false,&quot;loop&quot;:false,&quot;breakpointsInverse&quot;:true,&quot;breakpoints&quot;:{&quot;360&quot;:{&quot;slidesPerView&quot;:&quot;&quot;,&quot;slidesPerGroup&quot;:&quot;&quot;,&quot;spaceBetween&quot;:10},&quot;768&quot;:{&quot;slidesPerView&quot;:&quot;&quot;,&quot;slidesPerGroup&quot;:&quot;&quot;,&quot;spaceBetween&quot;:10},&quot;1024&quot;:{&quot;slidesPerView&quot;:&quot;&quot;,&quot;slidesPerGroup&quot;:&quot;&quot;,&quot;spaceBetween&quot;:15}}}\">\n\t\t\t\t\n\t\t\t\t\t\t\t\t\t<div class=\"ekit-video-item\">\n\n\t\t\t\t\t\t\n\t\t\t\t\t\t\t<a class=\"video-link popup\" href=\"\" data-url=\"https:\/\/www.youtube.com\/embed\/?autoplay=1&#038;rel=0\">\n\t\t\t\t\t\t\t\t<img decoding=\"async\" src=\"https:\/\/img.youtube.com\/vi\/\/0.jpg\" alt=\"Video thumb\">\n\t\t\t\t\t\t\t\t<i aria-hidden=\"true\" class=\"video-icon icon icon-play\"><\/i>\t\t\t\t\t\t\t<\/a>\n\n\t\t\t\t\t\t\t\t\t\t\t<\/div>\n\t\t\t\t\n\t\t\t\t\t\t\t<\/div>\n\t\t<\/div>\n\t\t<\/div>\t\t\t\t<\/div>\n\t\t\t\t<\/div>\n\t\t\t\t\t<\/div>\n\t\t<\/div>\n\t\t\t\t\t<\/div>\n\t\t<\/section>\n\t\t\t\t<\/div>","protected":false},"excerpt":{"rendered":"<p>Video socialiniams tinklams k\u016brimo paslaugos Ar norite padidinti savo prek\u0117s \u017eenklo \u017einomum\u0105 ir \u012fsitraukim\u0105 socialiniuose tinkluose? Mes si\u016blome auk\u0161tos kokyb\u0117s video socialiniams tinklams k\u016brimo paslaugas, kurios pad\u0117s jums tai padaryti. Su m\u016bs\u0173 komanda, galime sukurti patrauklius, \u012ftraukian\u010dius vaizdo \u012fra\u0161us, kurie pad\u0117s jums pasiekti tikslin\u0119 auditorij\u0105 ir pasiekti savo verslo tikslus. Kod\u0117l verta rinktis m\u016bs\u0173 video [&hellip;]<\/p>","protected":false},"author":1,"featured_media":0,"parent":0,"menu_order":0,"comment_status":"closed","ping_status":"closed","template":"elementor_header_footer","meta":{"footnotes":""},"class_list":["post-890","page","type-page","status-publish","hentry"],"_links":{"self":[{"href":"https:\/\/skystar.lt\/en\/wp-json\/wp\/v2\/pages\/890","targetHints":{"allow":["GET"]}}],"collection":[{"href":"https:\/\/skystar.lt\/en\/wp-json\/wp\/v2\/pages"}],"about":[{"href":"https:\/\/skystar.lt\/en\/wp-json\/wp\/v2\/types\/page"}],"author":[{"embeddable":true,"href":"https:\/\/skystar.lt\/en\/wp-json\/wp\/v2\/users\/1"}],"replies":[{"embeddable":true,"href":"https:\/\/skystar.lt\/en\/wp-json\/wp\/v2\/comments?post=890"}],"version-history":[{"count":37,"href":"https:\/\/skystar.lt\/en\/wp-json\/wp\/v2\/pages\/890\/revisions"}],"predecessor-version":[{"id":1908,"href":"https:\/\/skystar.lt\/en\/wp-json\/wp\/v2\/pages\/890\/revisions\/1908"}],"wp:attachment":[{"href":"https:\/\/skystar.lt\/en\/wp-json\/wp\/v2\/media?parent=890"}],"curies":[{"name":"wp","href":"https:\/\/api.w.org\/{rel}","templated":true}]}}