{"id":883,"date":"2024-05-30T12:47:43","date_gmt":"2024-05-30T12:47:43","guid":{"rendered":"https:\/\/skystar.paslaugosverslui.lt\/?page_id=883"},"modified":"2024-10-10T09:30:25","modified_gmt":"2024-10-10T09:30:25","slug":"konferecijos-seminarai-mokymai","status":"publish","type":"page","link":"https:\/\/skystar.lt\/en\/konferecijos-seminarai-mokymai\/","title":{"rendered":"Conferences, seminars, trainings"},"content":{"rendered":"<div data-elementor-type=\"wp-page\" data-elementor-id=\"883\" class=\"elementor elementor-883\">\n\t\t\t\t\t\t<section class=\"elementor-section elementor-top-section elementor-element elementor-element-58852138 elementor-section-boxed elementor-section-height-default elementor-section-height-default\" data-id=\"58852138\" data-element_type=\"section\" data-settings=\"{&quot;background_background&quot;:&quot;video&quot;,&quot;background_video_link&quot;:&quot;https:\\\/\\\/skystar.lt\\\/wp-content\\\/uploads\\\/2024\\\/05\\\/stars-1.mp4&quot;,&quot;background_play_on_mobile&quot;:&quot;yes&quot;}\">\n\t\t\t\t\t\t\t\t<div class=\"elementor-background-video-container\" aria-hidden=\"true\">\n\t\t\t\t\t\t\t\t\t\t\t\t\t<video class=\"elementor-background-video-hosted\" autoplay muted playsinline loop><\/video>\n\t\t\t\t\t\t\t\t\t\t\t<\/div>\n\t\t\t\t\t\t\t\t\t<div class=\"elementor-background-overlay\"><\/div>\n\t\t\t\t\t\t\t<div class=\"elementor-container elementor-column-gap-default\">\n\t\t\t\t\t<div class=\"elementor-column elementor-col-100 elementor-top-column elementor-element elementor-element-5cdbcd6\" data-id=\"5cdbcd6\" data-element_type=\"column\">\n\t\t\t<div class=\"elementor-widget-wrap\">\n\t\t\t\t\t\t\t<\/div>\n\t\t<\/div>\n\t\t\t\t\t<\/div>\n\t\t<\/section>\n\t\t\t\t<section class=\"elementor-section elementor-top-section elementor-element elementor-element-5415b379 elementor-section-boxed elementor-section-height-default elementor-section-height-default\" data-id=\"5415b379\" data-element_type=\"section\">\n\t\t\t\t\t\t<div class=\"elementor-container elementor-column-gap-default\">\n\t\t\t\t\t<div class=\"elementor-column elementor-col-100 elementor-top-column elementor-element elementor-element-2b4626ba\" data-id=\"2b4626ba\" data-element_type=\"column\">\n\t\t\t<div class=\"elementor-widget-wrap elementor-element-populated\">\n\t\t\t\t\t\t<div class=\"elementor-element elementor-element-6dabc68e elementor-widget elementor-widget-heading\" data-id=\"6dabc68e\" data-element_type=\"widget\" data-settings=\"{&quot;ekit_we_effect_on&quot;:&quot;none&quot;}\" data-widget_type=\"heading.default\">\n\t\t\t\t<div class=\"elementor-widget-container\">\n\t\t\t\t\t<h2 class=\"elementor-heading-title elementor-size-default\">Conferences, seminars, trainings filming<\/h2>\t\t\t\t<\/div>\n\t\t\t\t<\/div>\n\t\t\t\t<div class=\"elementor-element elementor-element-6eb3dce6 elementor-widget elementor-widget-text-editor\" data-id=\"6eb3dce6\" data-element_type=\"widget\" data-settings=\"{&quot;ekit_we_effect_on&quot;:&quot;none&quot;}\" data-widget_type=\"text-editor.default\">\n\t\t\t\t<div class=\"elementor-widget-container\">\n\t\t\t\t\t\t\t\t\t<h4>Do you want to have a recording of a conference, workshop or training to share with a wider audience?<\/h4>\t\t\t\t\t\t\t\t<\/div>\n\t\t\t\t<\/div>\n\t\t\t\t<div class=\"elementor-element elementor-element-41c0f827 elementor-widget elementor-widget-text-editor\" data-id=\"41c0f827\" data-element_type=\"widget\" data-settings=\"{&quot;ekit_we_effect_on&quot;:&quot;none&quot;}\" data-widget_type=\"text-editor.default\">\n\t\t\t\t<div class=\"elementor-widget-container\">\n\t\t\t\t\t\t\t\t\t<div class=\"markdown markdown-main-panel\" dir=\"ltr\"><div class=\"markdown markdown-main-panel\" dir=\"ltr\"><p data-sourcepos=\"5:1-5:41\">We offer high-quality conference, seminar and training filming services.\u00a0<\/p><p data-sourcepos=\"7:1-7:2\"><strong>Why you need to choose us?<\/strong><\/p><ul data-sourcepos=\"9:1-10:84\"><li data-sourcepos=\"9:1-9:125\"><strong>High quality:<\/strong> We use top-of-the-line cameras and audio to ensure flawless video and audio quality.<\/li><li data-sourcepos=\"10:1-10:84\"><strong>Professional editing:<\/strong> Our experienced editors will create a professional video that meets your needs.<\/li><li data-sourcepos=\"11:1-11:161\"><strong>Various formats:<\/strong> We can offer video in a variety of formats, including DVD, Blu-ray and online streaming.<\/li><li data-sourcepos=\"12:1-13:0\"><strong>Additional services:<\/strong> We offer additional services such as subtitling, transcreation and streaming monitoring.<\/li><\/ul><p data-sourcepos=\"14:1-14:22\">\u00a0<\/p><p data-sourcepos=\"14:1-14:22\"><strong>What do we film?<\/strong><\/p><p data-sourcepos=\"16:1-16:46\">We can film a variety of events including:<\/p><ul data-sourcepos=\"18:1-24:0\"><li data-sourcepos=\"18:1-18:15\">Conferences<\/li><li data-sourcepos=\"19:1-19:11\">Seminars<\/li><li data-sourcepos=\"20:1-20:9\">Trainings<\/li><li data-sourcepos=\"21:1-21:20\">Business forums<\/li><li data-sourcepos=\"22:1-22:25\">Product showcases<\/li><li data-sourcepos=\"23:1-24:0\">Lectures<\/li><\/ul><p data-sourcepos=\"25:1-25:21\">\u00a0<\/p><p data-sourcepos=\"25:1-25:21\"><strong>How do we work?<\/strong><\/p><p data-sourcepos=\"27:1-27:179\">We will work closely with you to understand your needs and create a customized shooting plan. Our team will take care of everything from equipment setup to final editing.<\/p><p data-sourcepos=\"33:1-33:54\"><strong>We can offer additional services:<\/strong><\/p><ul data-sourcepos=\"35:1-38:0\"><li data-sourcepos=\"35:1-35:117\"><strong>Photoshooting<\/strong> We can offer photography services to capture the moments of your event in photos.<\/li><li data-sourcepos=\"36:1-36:131\"><strong>Live broadcast:<\/strong> We can stream your event live online for people all over the world to watch.<\/li><li data-sourcepos=\"37:1-38:0\"><strong>Webpage for your video uploads:<\/strong> We can create an online platform to host your event videos and other material.<\/li><\/ul><p data-sourcepos=\"39:1-39:67\">\u00a0<\/p><p data-sourcepos=\"39:1-39:67\"><strong>We are committed to providing the best possible experience. <\/strong><strong>Get in touch to discuss your needs.<\/strong><\/p><\/div><\/div>\t\t\t\t\t\t\t\t<\/div>\n\t\t\t\t<\/div>\n\t\t\t\t<div class=\"elementor-element elementor-element-7b07d24 elementor-hidden-desktop elementor-hidden-tablet elementor-hidden-mobile elementor-widget elementor-widget-elementskit-video-gallery\" data-id=\"7b07d24\" data-element_type=\"widget\" data-settings=\"{&quot;ekit_column&quot;:&quot;3&quot;,&quot;ekit_column_tablet&quot;:&quot;2&quot;,&quot;ekit_column_mobile&quot;:&quot;1&quot;,&quot;ekit_we_effect_on&quot;:&quot;none&quot;}\" data-widget_type=\"elementskit-video-gallery.default\">\n\t\t\t\t<div class=\"elementor-widget-container\">\n\t\t\t\t\t<div class=\"ekit-wid-con\" >\t\t<div class=\"ekit-video-gallery-wrapper\">\n\n\t\t\t<!-- filter nav -->\n\t\t\t\t\t\t<!-- filter nav -->\n\n\n\t\t\t<div class=\"ekit-video-gallery ekit-grid ekit-column-3 ekit-column-tablet-2 ekit-column-mobile-1 ekit_play_on\" data-config=\"{&quot;rtl&quot;:false,&quot;arrows&quot;:false,&quot;dots&quot;:false,&quot;prevArrow&quot;:&quot;&quot;,&quot;nextArrow&quot;:&quot;&quot;,&quot;autoplay&quot;:false,&quot;speed&quot;:1000,&quot;infinite&quot;:false,&quot;slidesPerView&quot;:&quot;&quot;,&quot;slidesPerGroup&quot;:&quot;&quot;,&quot;pauseOnMouseEnter&quot;:false,&quot;loop&quot;:false,&quot;breakpointsInverse&quot;:true,&quot;breakpoints&quot;:{&quot;360&quot;:{&quot;slidesPerView&quot;:&quot;&quot;,&quot;slidesPerGroup&quot;:&quot;&quot;,&quot;spaceBetween&quot;:10},&quot;768&quot;:{&quot;slidesPerView&quot;:&quot;&quot;,&quot;slidesPerGroup&quot;:&quot;&quot;,&quot;spaceBetween&quot;:10},&quot;1024&quot;:{&quot;slidesPerView&quot;:&quot;&quot;,&quot;slidesPerGroup&quot;:&quot;&quot;,&quot;spaceBetween&quot;:15}}}\">\n\t\t\t\t\n\t\t\t\t\t\t\t\t\t<div class=\"ekit-video-item\">\n\n\t\t\t\t\t\t\n\t\t\t\t\t\t\t<a class=\"video-link popup\" href=\"\" data-url=\"https:\/\/www.youtube.com\/embed\/?autoplay=1&#038;rel=0\">\n\t\t\t\t\t\t\t\t<img decoding=\"async\" src=\"https:\/\/img.youtube.com\/vi\/\/0.jpg\" alt=\"Video thumb\">\n\t\t\t\t\t\t\t\t\t\t\t\t\t\t\t<\/a>\n\n\t\t\t\t\t\t\t\t\t\t\t<\/div>\n\t\t\t\t\n\t\t\t\t\t\t\t<\/div>\n\t\t<\/div>\n\t\t<\/div>\t\t\t\t<\/div>\n\t\t\t\t<\/div>\n\t\t\t\t\t<\/div>\n\t\t<\/div>\n\t\t\t\t\t<\/div>\n\t\t<\/section>\n\t\t\t\t<\/div>","protected":false},"excerpt":{"rendered":"<p>Konferencij\u0173, seminar\u0173 ir mokym\u0173 filmavimo paslaugos Ar norite tur\u0117ti konferencijos, seminaro ar mokym\u0173 \u012fra\u0161\u0105, kad gal\u0117tum\u0117te pasidalinti jais su platesne auditorija? Mes si\u016blome auk\u0161tos kokyb\u0117s konferencij\u0173, seminar\u0173 ir mokym\u0173 filmavimo paslaugas, kurios pad\u0117s jums tai padaryti.\u00a0 Kod\u0117l verta rinktis m\u016bs\u0173 konferencij\u0173, seminar\u0173 ir mokym\u0173 filmavimo paslaugas? Auk\u0161ta kokyb\u0117: Naudojame auk\u0161\u010diausios klas\u0117s kameras ir gars\u0105, kad [&hellip;]<\/p>","protected":false},"author":1,"featured_media":0,"parent":0,"menu_order":0,"comment_status":"closed","ping_status":"closed","template":"elementor_header_footer","meta":{"footnotes":""},"class_list":["post-883","page","type-page","status-publish","hentry"],"_links":{"self":[{"href":"https:\/\/skystar.lt\/en\/wp-json\/wp\/v2\/pages\/883","targetHints":{"allow":["GET"]}}],"collection":[{"href":"https:\/\/skystar.lt\/en\/wp-json\/wp\/v2\/pages"}],"about":[{"href":"https:\/\/skystar.lt\/en\/wp-json\/wp\/v2\/types\/page"}],"author":[{"embeddable":true,"href":"https:\/\/skystar.lt\/en\/wp-json\/wp\/v2\/users\/1"}],"replies":[{"embeddable":true,"href":"https:\/\/skystar.lt\/en\/wp-json\/wp\/v2\/comments?post=883"}],"version-history":[{"count":43,"href":"https:\/\/skystar.lt\/en\/wp-json\/wp\/v2\/pages\/883\/revisions"}],"predecessor-version":[{"id":1905,"href":"https:\/\/skystar.lt\/en\/wp-json\/wp\/v2\/pages\/883\/revisions\/1905"}],"wp:attachment":[{"href":"https:\/\/skystar.lt\/en\/wp-json\/wp\/v2\/media?parent=883"}],"curies":[{"name":"wp","href":"https:\/\/api.w.org\/{rel}","templated":true}]}}