{"id":878,"date":"2024-05-30T12:43:46","date_gmt":"2024-05-30T12:43:46","guid":{"rendered":"https:\/\/skystar.paslaugosverslui.lt\/?page_id=878"},"modified":"2024-10-10T09:33:54","modified_gmt":"2024-10-10T09:33:54","slug":"tiesiogines-transliacijos","status":"publish","type":"page","link":"https:\/\/skystar.lt\/en\/tiesiogines-transliacijos\/","title":{"rendered":"Live broadcasts"},"content":{"rendered":"<div data-elementor-type=\"wp-page\" data-elementor-id=\"878\" class=\"elementor elementor-878\">\n\t\t\t\t\t\t<section class=\"elementor-section elementor-top-section elementor-element elementor-element-58852138 elementor-section-boxed elementor-section-height-default elementor-section-height-default\" data-id=\"58852138\" data-element_type=\"section\" data-settings=\"{&quot;background_background&quot;:&quot;video&quot;,&quot;background_video_link&quot;:&quot;https:\\\/\\\/skystar.lt\\\/wp-content\\\/uploads\\\/2024\\\/05\\\/stars-1.mp4&quot;,&quot;background_play_on_mobile&quot;:&quot;yes&quot;}\">\n\t\t\t\t\t\t\t\t<div class=\"elementor-background-video-container\" aria-hidden=\"true\">\n\t\t\t\t\t\t\t\t\t\t\t\t\t<video class=\"elementor-background-video-hosted\" autoplay muted playsinline loop><\/video>\n\t\t\t\t\t\t\t\t\t\t\t<\/div>\n\t\t\t\t\t\t\t\t\t<div class=\"elementor-background-overlay\"><\/div>\n\t\t\t\t\t\t\t<div class=\"elementor-container elementor-column-gap-default\">\n\t\t\t\t\t<div class=\"elementor-column elementor-col-100 elementor-top-column elementor-element elementor-element-5cdbcd6\" data-id=\"5cdbcd6\" data-element_type=\"column\">\n\t\t\t<div class=\"elementor-widget-wrap\">\n\t\t\t\t\t\t\t<\/div>\n\t\t<\/div>\n\t\t\t\t\t<\/div>\n\t\t<\/section>\n\t\t\t\t<section class=\"elementor-section elementor-top-section elementor-element elementor-element-5415b379 elementor-section-boxed elementor-section-height-default elementor-section-height-default\" data-id=\"5415b379\" data-element_type=\"section\">\n\t\t\t\t\t\t<div class=\"elementor-container elementor-column-gap-default\">\n\t\t\t\t\t<div class=\"elementor-column elementor-col-100 elementor-top-column elementor-element elementor-element-2b4626ba\" data-id=\"2b4626ba\" data-element_type=\"column\">\n\t\t\t<div class=\"elementor-widget-wrap elementor-element-populated\">\n\t\t\t\t\t\t<div class=\"elementor-element elementor-element-6dabc68e elementor-widget elementor-widget-heading\" data-id=\"6dabc68e\" data-element_type=\"widget\" data-settings=\"{&quot;ekit_we_effect_on&quot;:&quot;none&quot;}\" data-widget_type=\"heading.default\">\n\t\t\t\t<div class=\"elementor-widget-container\">\n\t\t\t\t\t<h2 class=\"elementor-heading-title elementor-size-default\">Live broadcasts<\/h2>\t\t\t\t<\/div>\n\t\t\t\t<\/div>\n\t\t\t\t<div class=\"elementor-element elementor-element-6eb3dce6 elementor-widget elementor-widget-text-editor\" data-id=\"6eb3dce6\" data-element_type=\"widget\" data-settings=\"{&quot;ekit_we_effect_on&quot;:&quot;none&quot;}\" data-widget_type=\"text-editor.default\">\n\t\t\t\t<div class=\"elementor-widget-container\">\n\t\t\t\t\t\t\t\t\t<h4>Looking for a way to share your event or experience with your audience in real time?<\/h4>\t\t\t\t\t\t\t\t<\/div>\n\t\t\t\t<\/div>\n\t\t\t\t<div class=\"elementor-element elementor-element-41c0f827 elementor-widget elementor-widget-text-editor\" data-id=\"41c0f827\" data-element_type=\"widget\" data-settings=\"{&quot;ekit_we_effect_on&quot;:&quot;none&quot;}\" data-widget_type=\"text-editor.default\">\n\t\t\t\t<div class=\"elementor-widget-container\">\n\t\t\t\t\t\t\t\t\t<div class=\"markdown markdown-main-panel\" dir=\"ltr\">\n<p data-sourcepos=\"5:1-5:95\">We offer live streaming services. We can ensure that your broadcast will be of the highest quality and without any bugs.<\/p>\n<p data-sourcepos=\"7:1-7:55\"><strong>Why you need to choose us?<\/strong><\/p>\n<ul data-sourcepos=\"9:1-9:34\">\n<li data-sourcepos=\"9:1-9:34\"><strong>High quality:<\/strong> We use the most advanced equipment and software to ensure the highest quality picture and sound.<\/li>\n<li data-sourcepos=\"10:1-10:192\"><strong>Wide reach:<\/strong> We can broadcast to various platforms&nbsp;<a class=\"traceable-link\" href=\"https:\/\/www.youtube.com\/\" target=\"_blank\" rel=\"noopener noreferrer\">YouTube<\/a>, <a class=\"traceable-link\" href=\"https:\/\/www.facebook.com\/\" target=\"_blank\" rel=\"noopener noreferrer\">Facebook<\/a>, and <a class=\"traceable-link\" href=\"https:\/\/www.twitch.tv\/\" target=\"_blank\" rel=\"noopener noreferrer\">Twitch<\/a>.<\/li>\n<li data-sourcepos=\"11:1-11:153\"><strong>Experienced team:<\/strong> Our team has extensive experience in creating and broadcasting live broadcasts. We can help you plan and execute your broadcast from beginning till end.<\/li>\n<li data-sourcepos=\"12:1-13:0\" class=\"translation-block\"><strong>Customization:<\/strong> We can offer a variety of features and services to meet your needs. For example: multi-camera broadcasts, graphics.<\/li>\n<\/ul>\n<p data-sourcepos=\"14:1-14:26\">\n<\/p><p data-sourcepos=\"14:1-14:26\"><strong>What do we broadcast?<\/strong><\/p>\n<p data-sourcepos=\"16:1-16:61\">We can stream a variety of events and experiences:<\/p>\n<ul data-sourcepos=\"18:1-25:0\">\n<li data-sourcepos=\"18:1-18:11\">Concerts<\/li>\n<li data-sourcepos=\"19:1-19:15\">Conferences<\/li>\n<li data-sourcepos=\"20:1-20:18\">Sport events<\/li>\n<li data-sourcepos=\"21:1-21:10\">Weddings<\/li>\n<li data-sourcepos=\"22:1-22:18\">Business events<\/li>\n<li data-sourcepos=\"23:1-23:25\">Product showcases<\/li>\n<li data-sourcepos=\"24:1-25:0\">Trainings<\/li><\/ul>\n<p data-sourcepos=\"30:1-30:54\"><strong><br><\/strong><\/p><p data-sourcepos=\"30:1-30:54\"><strong>We can offer additional services:<\/strong><\/p>\n<ul data-sourcepos=\"32:1-35:0\">\n<li data-sourcepos=\"32:1-32:160\"><strong>Editing:<\/strong> We can edit your live stream recording to create a professional video that you can share with others.<\/li>\n<li data-sourcepos=\"33:1-33:112\"><strong>Archiving:<\/strong> We may archive a recording of your live stream for later viewing.<\/li>\n<li data-sourcepos=\"34:1-35:0\"><strong>Broadcast stream monitoring:<\/strong> We can monitor your streaming traffic to make sure it runs smoothly.<\/li>\n<\/ul>\n<p data-sourcepos=\"36:1-36:67\"><strong><br><\/strong><\/p><p data-sourcepos=\"36:1-36:67\"><strong>We are committed to providing the best possible experience.&nbsp;<\/strong><strong style=\"font-family: var( --e-global-typography-text-font-family ), Sans-serif; font-size: 1rem;\">Let's discuss in more details.<\/strong><\/p>\n<\/div>\t\t\t\t\t\t\t\t<\/div>\n\t\t\t\t<\/div>\n\t\t\t\t<div class=\"elementor-element elementor-element-00b4d69 elementor-hidden-desktop elementor-hidden-tablet elementor-hidden-mobile elementor-widget elementor-widget-elementskit-video-gallery\" data-id=\"00b4d69\" data-element_type=\"widget\" data-settings=\"{&quot;ekit_column&quot;:&quot;3&quot;,&quot;ekit_column_tablet&quot;:&quot;2&quot;,&quot;ekit_column_mobile&quot;:&quot;1&quot;,&quot;ekit_we_effect_on&quot;:&quot;none&quot;}\" data-widget_type=\"elementskit-video-gallery.default\">\n\t\t\t\t<div class=\"elementor-widget-container\">\n\t\t\t\t\t<div class=\"ekit-wid-con\" >\t\t<div class=\"ekit-video-gallery-wrapper\">\n\n\t\t\t<!-- filter nav -->\n\t\t\t\t\t\t<!-- filter nav -->\n\n\n\t\t\t<div class=\"ekit-video-gallery ekit-grid ekit-column-3 ekit-column-tablet-2 ekit-column-mobile-1 ekit_play_on\" data-config=\"{&quot;rtl&quot;:false,&quot;arrows&quot;:false,&quot;dots&quot;:false,&quot;prevArrow&quot;:&quot;&quot;,&quot;nextArrow&quot;:&quot;&quot;,&quot;autoplay&quot;:false,&quot;speed&quot;:1000,&quot;infinite&quot;:false,&quot;slidesPerView&quot;:&quot;&quot;,&quot;slidesPerGroup&quot;:&quot;&quot;,&quot;pauseOnMouseEnter&quot;:false,&quot;loop&quot;:false,&quot;breakpointsInverse&quot;:true,&quot;breakpoints&quot;:{&quot;360&quot;:{&quot;slidesPerView&quot;:&quot;&quot;,&quot;slidesPerGroup&quot;:&quot;&quot;,&quot;spaceBetween&quot;:10},&quot;768&quot;:{&quot;slidesPerView&quot;:&quot;&quot;,&quot;slidesPerGroup&quot;:&quot;&quot;,&quot;spaceBetween&quot;:10},&quot;1024&quot;:{&quot;slidesPerView&quot;:&quot;&quot;,&quot;slidesPerGroup&quot;:&quot;&quot;,&quot;spaceBetween&quot;:15}}}\">\n\t\t\t\t\n\t\t\t\t\t\t\t\t\t<div class=\"ekit-video-item\">\n\n\t\t\t\t\t\t\n\t\t\t\t\t\t\t<a class=\"video-link popup\" href=\"\" data-url=\"https:\/\/www.youtube.com\/embed\/?autoplay=1&#038;rel=0\">\n\t\t\t\t\t\t\t\t<img decoding=\"async\" src=\"https:\/\/img.youtube.com\/vi\/\/0.jpg\" alt=\"Video thumb\">\n\t\t\t\t\t\t\t\t<i aria-hidden=\"true\" class=\"video-icon icon icon-play\"><\/i>\t\t\t\t\t\t\t<\/a>\n\n\t\t\t\t\t\t\t\t\t\t\t<\/div>\n\t\t\t\t\n\t\t\t\t\t\t\t<\/div>\n\t\t<\/div>\n\t\t<\/div>\t\t\t\t<\/div>\n\t\t\t\t<\/div>\n\t\t\t\t\t<\/div>\n\t\t<\/div>\n\t\t\t\t\t<\/div>\n\t\t<\/section>\n\t\t\t\t<\/div>","protected":false},"excerpt":{"rendered":"<p>Tiesiogin\u0117s transliacijos Ie\u0161kote b\u016bdo, kaip pasidalinti savo renginiu ar patirtimi su auditorija realiu laiku? Mes si\u016blome tiesiogin\u0117s transliacijos paslaugas, kurios pad\u0117s jums tai padaryti. Galime u\u017etikrinti, kad j\u016bs\u0173 transliacija bus auk\u0161\u010diausios kokyb\u0117s ir be trikd\u017ei\u0173. Kod\u0117l verta rinktis m\u016bs\u0173 tiesiogines transliacijas? Auk\u0161ta kokyb\u0117: Naudojame pa\u017eangiausi\u0105 \u012frang\u0105 ir programin\u0119 \u012frang\u0105, kad u\u017etikrintume auk\u0161\u010diausios kokyb\u0117s vaizd\u0105 ir [&hellip;]<\/p>","protected":false},"author":1,"featured_media":0,"parent":0,"menu_order":0,"comment_status":"closed","ping_status":"closed","template":"elementor_header_footer","meta":{"footnotes":""},"class_list":["post-878","page","type-page","status-publish","hentry"],"_links":{"self":[{"href":"https:\/\/skystar.lt\/en\/wp-json\/wp\/v2\/pages\/878","targetHints":{"allow":["GET"]}}],"collection":[{"href":"https:\/\/skystar.lt\/en\/wp-json\/wp\/v2\/pages"}],"about":[{"href":"https:\/\/skystar.lt\/en\/wp-json\/wp\/v2\/types\/page"}],"author":[{"embeddable":true,"href":"https:\/\/skystar.lt\/en\/wp-json\/wp\/v2\/users\/1"}],"replies":[{"embeddable":true,"href":"https:\/\/skystar.lt\/en\/wp-json\/wp\/v2\/comments?post=878"}],"version-history":[{"count":31,"href":"https:\/\/skystar.lt\/en\/wp-json\/wp\/v2\/pages\/878\/revisions"}],"predecessor-version":[{"id":1917,"href":"https:\/\/skystar.lt\/en\/wp-json\/wp\/v2\/pages\/878\/revisions\/1917"}],"wp:attachment":[{"href":"https:\/\/skystar.lt\/en\/wp-json\/wp\/v2\/media?parent=878"}],"curies":[{"name":"wp","href":"https:\/\/api.w.org\/{rel}","templated":true}]}}