{"id":1322,"date":"2024-06-18T10:39:56","date_gmt":"2024-06-18T10:39:56","guid":{"rendered":"https:\/\/skystar.paslaugosverslui.lt\/?page_id=1322"},"modified":"2024-10-10T09:35:34","modified_gmt":"2024-10-10T09:35:34","slug":"vakareliu-renginiu-filmavimas","status":"publish","type":"page","link":"https:\/\/skystar.lt\/en\/vakareliu-renginiu-filmavimas\/","title":{"rendered":"Filming of parties and events"},"content":{"rendered":"<div data-elementor-type=\"wp-page\" data-elementor-id=\"1322\" class=\"elementor elementor-1322\">\n\t\t\t\t\t\t<section class=\"elementor-section elementor-top-section elementor-element elementor-element-58852138 elementor-section-boxed elementor-section-height-default elementor-section-height-default\" data-id=\"58852138\" data-element_type=\"section\" data-settings=\"{&quot;background_background&quot;:&quot;video&quot;,&quot;background_video_link&quot;:&quot;https:\\\/\\\/skystar.lt\\\/wp-content\\\/uploads\\\/2024\\\/05\\\/stars-1.mp4&quot;,&quot;background_play_on_mobile&quot;:&quot;yes&quot;}\">\n\t\t\t\t\t\t\t\t<div class=\"elementor-background-video-container\" aria-hidden=\"true\">\n\t\t\t\t\t\t\t\t\t\t\t\t\t<video class=\"elementor-background-video-hosted\" autoplay muted playsinline loop><\/video>\n\t\t\t\t\t\t\t\t\t\t\t<\/div>\n\t\t\t\t\t\t\t\t\t<div class=\"elementor-background-overlay\"><\/div>\n\t\t\t\t\t\t\t<div class=\"elementor-container elementor-column-gap-default\">\n\t\t\t\t\t<div class=\"elementor-column elementor-col-100 elementor-top-column elementor-element elementor-element-5cdbcd6\" data-id=\"5cdbcd6\" data-element_type=\"column\">\n\t\t\t<div class=\"elementor-widget-wrap\">\n\t\t\t\t\t\t\t<\/div>\n\t\t<\/div>\n\t\t\t\t\t<\/div>\n\t\t<\/section>\n\t\t\t\t<section class=\"elementor-section elementor-top-section elementor-element elementor-element-5415b379 elementor-section-boxed elementor-section-height-default elementor-section-height-default\" data-id=\"5415b379\" data-element_type=\"section\">\n\t\t\t\t\t\t<div class=\"elementor-container elementor-column-gap-default\">\n\t\t\t\t\t<div class=\"elementor-column elementor-col-100 elementor-top-column elementor-element elementor-element-2b4626ba\" data-id=\"2b4626ba\" data-element_type=\"column\">\n\t\t\t<div class=\"elementor-widget-wrap elementor-element-populated\">\n\t\t\t\t\t\t<div class=\"elementor-element elementor-element-6dabc68e elementor-widget elementor-widget-heading\" data-id=\"6dabc68e\" data-element_type=\"widget\" data-settings=\"{&quot;ekit_we_effect_on&quot;:&quot;none&quot;}\" data-widget_type=\"heading.default\">\n\t\t\t\t<div class=\"elementor-widget-container\">\n\t\t\t\t\t<h2 class=\"elementor-heading-title elementor-size-default\">Capture unique moments of events and parties with professionals<\/h2>\t\t\t\t<\/div>\n\t\t\t\t<\/div>\n\t\t\t\t<div class=\"elementor-element elementor-element-6eb3dce6 elementor-widget elementor-widget-text-editor\" data-id=\"6eb3dce6\" data-element_type=\"widget\" data-settings=\"{&quot;ekit_we_effect_on&quot;:&quot;none&quot;}\" data-widget_type=\"text-editor.default\">\n\t\t\t\t<div class=\"elementor-widget-container\">\n\t\t\t\t\t\t\t\t\t<h4>Are you organizing an unforgettable party? Or perhaps a company event, conference or birthday? No matter the occasion, we are here to capture every emotion and moment of celebration.<\/h4>\t\t\t\t\t\t\t\t<\/div>\n\t\t\t\t<\/div>\n\t\t\t\t<div class=\"elementor-element elementor-element-41c0f827 elementor-widget elementor-widget-text-editor\" data-id=\"41c0f827\" data-element_type=\"widget\" data-settings=\"{&quot;ekit_we_effect_on&quot;:&quot;none&quot;}\" data-widget_type=\"text-editor.default\">\n\t\t\t\t<div class=\"elementor-widget-container\">\n\t\t\t\t\t\t\t\t\t<div class=\"markdown markdown-main-panel\" dir=\"ltr\"><div class=\"markdown markdown-main-panel\" dir=\"ltr\"><p data-sourcepos=\"7:1-7:15\"><strong>What do we offer:<\/strong><\/p><ul data-sourcepos=\"9:1-11:39\"><li data-sourcepos=\"9:1-9:148\" class=\"translation-block\"><strong>High-quality filming:<\/strong> We use professional equipment to ensure the highest video quality, flawless sound and smooth filming.<\/li><li data-sourcepos=\"10:1-10:159\"><strong>Creative approach:<\/strong> We are not only cameramen, but also storytellers. We will turn each event into an immersive film that will reflect its unique atmosphere.<\/li><li data-sourcepos=\"11:1-11:39\"><strong>Individual approach:<\/strong> We understand that every event is special. Therefore, we will listen carefully to your needs and expectations in order to create a film that is just for you.<\/li><li data-sourcepos=\"12:1-14:112\"><strong>Wide variety of services:<\/strong> we film various events:<br \/><ul data-sourcepos=\"13:5-14:112\"><li data-sourcepos=\"13:5-13:80\"><strong>Private parties:<\/strong> birthdays, anniversaries, festivals etc.<\/li><li data-sourcepos=\"14:5-14:112\"><strong>Company events:<\/strong> conferences, seminars, teambuilding, Christmas party etc.<\/li><li data-sourcepos=\"15:5-15:71\"><strong>Cultural events:<\/strong> concerts, festivals, exhibitions etc.<\/li><\/ul><\/li><li data-sourcepos=\"16:1-17:0\"><strong>Quick and convenient service:<\/strong> We'll take care of all the technical aspects so you don't have to worry about anything.<\/li><\/ul><\/div><div class=\"markdown markdown-main-panel\" dir=\"ltr\"><p data-sourcepos=\"18:1-18:28\"><strong>\u00a0<\/strong><\/p><p data-sourcepos=\"18:1-18:28\"><strong>Why you need to choose us?<\/strong><\/p><ul data-sourcepos=\"20:1-22:12\"><li data-sourcepos=\"20:1-20:74\"><strong>Experience:<\/strong> We have many years of experience in filming various events.<\/li><li data-sourcepos=\"21:1-21:75\"><strong>Passion:<\/strong> We love what we do and it reflects in our work.<\/li><li data-sourcepos=\"22:1-22:12\"><strong>Flexibility:<\/strong> We will find a solution to adapt to your budget and needs.<\/li><li data-sourcepos=\"23:1-24:0\"><strong>A result that exceeds expectations:<\/strong> Our goal is to create a film that will not only capture your event, but also become a precious memory.<\/li><\/ul><p data-sourcepos=\"25:1-25:28\"><strong>\u00a0<\/strong><\/p><p data-sourcepos=\"25:1-25:28\"><strong>Would you like to know more?<\/strong><\/p><p data-sourcepos=\"27:1-27:101\"><strong>Get in touch and discuss your project in more details.<\/strong><\/p><\/div><\/div>\t\t\t\t\t\t\t\t<\/div>\n\t\t\t\t<\/div>\n\t\t\t\t<div class=\"elementor-element elementor-element-7839f0a elementor-hidden-desktop elementor-hidden-tablet elementor-hidden-mobile elementor-widget elementor-widget-elementskit-video-gallery\" data-id=\"7839f0a\" data-element_type=\"widget\" data-settings=\"{&quot;ekit_column&quot;:&quot;3&quot;,&quot;ekit_column_tablet&quot;:&quot;2&quot;,&quot;ekit_column_mobile&quot;:&quot;1&quot;,&quot;ekit_we_effect_on&quot;:&quot;none&quot;}\" data-widget_type=\"elementskit-video-gallery.default\">\n\t\t\t\t<div class=\"elementor-widget-container\">\n\t\t\t\t\t<div class=\"ekit-wid-con\" >\t\t<div class=\"ekit-video-gallery-wrapper\">\n\n\t\t\t<!-- filter nav -->\n\t\t\t\t\t\t<!-- filter nav -->\n\n\n\t\t\t<div class=\"ekit-video-gallery ekit-grid ekit-column-3 ekit-column-tablet-2 ekit-column-mobile-1 ekit_play_on\" data-config=\"{&quot;rtl&quot;:false,&quot;arrows&quot;:false,&quot;dots&quot;:false,&quot;prevArrow&quot;:&quot;&quot;,&quot;nextArrow&quot;:&quot;&quot;,&quot;autoplay&quot;:false,&quot;speed&quot;:1000,&quot;infinite&quot;:false,&quot;slidesPerView&quot;:&quot;&quot;,&quot;slidesPerGroup&quot;:&quot;&quot;,&quot;pauseOnMouseEnter&quot;:false,&quot;loop&quot;:false,&quot;breakpointsInverse&quot;:true,&quot;breakpoints&quot;:{&quot;360&quot;:{&quot;slidesPerView&quot;:&quot;&quot;,&quot;slidesPerGroup&quot;:&quot;&quot;,&quot;spaceBetween&quot;:10},&quot;768&quot;:{&quot;slidesPerView&quot;:&quot;&quot;,&quot;slidesPerGroup&quot;:&quot;&quot;,&quot;spaceBetween&quot;:10},&quot;1024&quot;:{&quot;slidesPerView&quot;:&quot;&quot;,&quot;slidesPerGroup&quot;:&quot;&quot;,&quot;spaceBetween&quot;:15}}}\">\n\t\t\t\t\n\t\t\t\t\t\t\t\t\t<div class=\"ekit-video-item\">\n\n\t\t\t\t\t\t\n\t\t\t\t\t\t\t<a class=\"video-link popup\" href=\"\" data-url=\"https:\/\/www.youtube.com\/embed\/?autoplay=1&#038;rel=0\">\n\t\t\t\t\t\t\t\t<img decoding=\"async\" src=\"https:\/\/img.youtube.com\/vi\/\/0.jpg\" alt=\"Video thumb\">\n\t\t\t\t\t\t\t\t<i aria-hidden=\"true\" class=\"video-icon icon icon-play\"><\/i>\t\t\t\t\t\t\t<\/a>\n\n\t\t\t\t\t\t\t\t\t\t\t<\/div>\n\t\t\t\t\n\t\t\t\t\t\t\t<\/div>\n\t\t<\/div>\n\t\t<\/div>\t\t\t\t<\/div>\n\t\t\t\t<\/div>\n\t\t\t\t\t<\/div>\n\t\t<\/div>\n\t\t\t\t\t<\/div>\n\t\t<\/section>\n\t\t\t\t<\/div>","protected":false},"excerpt":{"rendered":"<p>\u012eam\u017einkite nepakartojamas rengini\u0173 ir vakar\u0117li\u0173 akimirkas su profesionalais Ar organizuojate nepamir\u0161tam\u0105 vakar\u0117l\u012f? O galb\u016bt \u012fmon\u0117s rengin\u012f, konferencij\u0105 ar gimtadien\u012f? Nesvarbu kokia proga, mes esame \u010dia, kad u\u017efiksuotume kiekvien\u0105 emocij\u0105 bei \u0161vent\u0117s akimirk\u0105. K\u0105 si\u016blome: Kokybi\u0161kas filmavimas: Naudojame profesionali\u0105 \u012frang\u0105, kad u\u017etikrintume auk\u0161\u010diausi\u0105 vaizdo kokyb\u0119, nepriekai\u0161ting\u0105 gars\u0105 ir skland\u0173 filmavim\u0105. K\u016brybi\u0161kas po\u017ei\u016bris: Esame ne tik operatoriai, [&hellip;]<\/p>","protected":false},"author":1,"featured_media":0,"parent":0,"menu_order":0,"comment_status":"closed","ping_status":"closed","template":"elementor_header_footer","meta":{"footnotes":""},"class_list":["post-1322","page","type-page","status-publish","hentry"],"_links":{"self":[{"href":"https:\/\/skystar.lt\/en\/wp-json\/wp\/v2\/pages\/1322","targetHints":{"allow":["GET"]}}],"collection":[{"href":"https:\/\/skystar.lt\/en\/wp-json\/wp\/v2\/pages"}],"about":[{"href":"https:\/\/skystar.lt\/en\/wp-json\/wp\/v2\/types\/page"}],"author":[{"embeddable":true,"href":"https:\/\/skystar.lt\/en\/wp-json\/wp\/v2\/users\/1"}],"replies":[{"embeddable":true,"href":"https:\/\/skystar.lt\/en\/wp-json\/wp\/v2\/comments?post=1322"}],"version-history":[{"count":31,"href":"https:\/\/skystar.lt\/en\/wp-json\/wp\/v2\/pages\/1322\/revisions"}],"predecessor-version":[{"id":1923,"href":"https:\/\/skystar.lt\/en\/wp-json\/wp\/v2\/pages\/1322\/revisions\/1923"}],"wp:attachment":[{"href":"https:\/\/skystar.lt\/en\/wp-json\/wp\/v2\/media?parent=1322"}],"curies":[{"name":"wp","href":"https:\/\/api.w.org\/{rel}","templated":true}]}}